{"id":13606,"date":"2024-04-06T19:23:41","date_gmt":"2024-04-06T17:23:41","guid":{"rendered":"https:\/\/lamandalerestaurant.com\/?page_id=13606"},"modified":"2024-05-05T18:11:16","modified_gmt":"2024-05-05T16:11:16","slug":"la-mandale-italiano-lesssico-dei-prodotti-di-punta","status":"publish","type":"page","link":"https:\/\/lamandalerestaurant.com\/index.php\/it\/la-mandale-italiano-lesssico-dei-prodotti-di-punta\/","title":{"rendered":"Lesssico dei prodotti di punta"},"content":{"rendered":"\n<ul class=\"wp-block-list\">\n<li><strong><em>Katsuobushi<\/em><\/strong>: copeaux de bonite s\u00e9ch\u00e9e (poisson).<\/li>\n\n\n\n<li><strong><em>Miso<\/em><\/strong>: p\u00e2te de soja ferment\u00e9e.<\/li>\n\n\n\n<li><strong><em>Furikake<\/em><\/strong>: condiment japonais \u00e0 base d&rsquo;algues, s\u00e9same, shiso.<\/li>\n\n\n\n<li><strong>Shiso<\/strong>: herbe aromatique.<\/li>\n\n\n\n<li><em><strong>Pak Cho\u00ef<\/strong><\/em>: Chou Chinois.<\/li>\n\n\n\n<li><strong><em>Kimchi<\/em><\/strong>: Recette cor\u00e9enne de chou ferment\u00e9 &amp; piment\u00e9.<\/li>\n\n\n\n<li><em><strong>Chimichurri<\/strong><\/em> : condiment sud-am\u00e9ricain \u00e0 base de piment, de persil, d&rsquo;origan, d&rsquo;ail, de ciboule, de vinaigre et d&rsquo;huile.<\/li>\n\n\n\n<li><strong><em>Rayu<\/em><\/strong>: condiment japonais compos\u00e9e d&rsquo;huile de s\u00e9same &amp; de piment.<\/li>\n\n\n\n<li><em><strong>Sauce XO<\/strong><\/em>:&nbsp;sauce \u00e9pic\u00e9e aux&nbsp;fruits de mer originaire de Hong Kong.&nbsp;<\/li>\n\n\n\n<li><em><strong>Chili Oil<\/strong><\/em>: Huile piment\u00e9e au poivre sichuan d&rsquo;origine chinoise.<\/li>\n<\/ul>\n","protected":false},"excerpt":{"rendered":"Katsuobushi: copeaux de bonite s\u00e9ch\u00e9e (poisson). Miso: p\u00e2te de soja ferment\u00e9e. Furikake:","protected":false},"author":1,"featured_media":14163,"parent":0,"menu_order":0,"comment_status":"closed","ping_status":"closed","template":"","meta":{"om_disable_all_campaigns":false,"_monsterinsights_skip_tracking":false,"_monsterinsights_sitenote_active":false,"_monsterinsights_sitenote_note":"","_monsterinsights_sitenote_category":0,"footnotes":""},"class_list":["post-13606","page","type-page","status-publish","has-post-thumbnail","hentry"],"yoast_head":"<!-- This site is optimized with the Yoast SEO plugin v22.4 - https:\/\/yoast.com\/wordpress\/plugins\/seo\/ -->\n<title>Lesssico dei prodotti di punta - La Mandale<\/title>\n<meta name=\"description\" content=\"Qui troverete il lessico dei prodotti di punta. Il nostro ristorante La Mandale utilizza ingredienti della cucina asiatica.\" \/>\n<meta name=\"robots\" content=\"index, follow, max-snippet:-1, max-image-preview:large, max-video-preview:-1\" \/>\n<link rel=\"canonical\" href=\"https:\/\/lamandalerestaurant.com\/index.php\/it\/la-mandale-italiano-lesssico-dei-prodotti-di-punta\/\" \/>\n<meta property=\"og:locale\" content=\"fr_FR\" \/>\n<meta property=\"og:type\" content=\"article\" \/>\n<meta property=\"og:title\" content=\"Lesssico dei prodotti di punta - La Mandale\" \/>\n<meta property=\"og:description\" content=\"Qui troverete il lessico dei prodotti di punta. Il nostro ristorante La Mandale utilizza ingredienti della cucina asiatica.\" \/>\n<meta property=\"og:url\" content=\"https:\/\/lamandalerestaurant.com\/index.php\/it\/la-mandale-italiano-lesssico-dei-prodotti-di-punta\/\" \/>\n<meta property=\"og:site_name\" content=\"La Mandale\" \/>\n<meta property=\"article:publisher\" content=\"https:\/\/www.facebook.com\/Lamandalerestaurant\/\" \/>\n<meta property=\"article:modified_time\" content=\"2024-05-05T16:11:16+00:00\" \/>\n<meta property=\"og:image\" content=\"https:\/\/lamandalerestaurant.com\/wp-content\/uploads\/2024\/04\/DSC9211-1.jpg\" \/>\n\t<meta property=\"og:image:width\" content=\"1285\" \/>\n\t<meta property=\"og:image:height\" content=\"1930\" \/>\n\t<meta property=\"og:image:type\" content=\"image\/jpeg\" \/>\n<meta name=\"twitter:card\" content=\"summary_large_image\" \/>\n<meta name=\"twitter:label1\" content=\"Dur\u00e9e de lecture estim\u00e9e\" \/>\n\t<meta name=\"twitter:data1\" content=\"1 minute\" \/>\n<script type=\"application\/ld+json\" class=\"yoast-schema-graph\">{\"@context\":\"https:\/\/schema.org\",\"@graph\":[{\"@type\":\"WebPage\",\"@id\":\"https:\/\/lamandalerestaurant.com\/index.php\/it\/la-mandale-italiano-lesssico-dei-prodotti-di-punta\/\",\"url\":\"https:\/\/lamandalerestaurant.com\/index.php\/it\/la-mandale-italiano-lesssico-dei-prodotti-di-punta\/\",\"name\":\"Lesssico dei prodotti di punta - La Mandale\",\"isPartOf\":{\"@id\":\"https:\/\/lamandalerestaurant.com\/#website\"},\"primaryImageOfPage\":{\"@id\":\"https:\/\/lamandalerestaurant.com\/index.php\/it\/la-mandale-italiano-lesssico-dei-prodotti-di-punta\/#primaryimage\"},\"image\":{\"@id\":\"https:\/\/lamandalerestaurant.com\/index.php\/it\/la-mandale-italiano-lesssico-dei-prodotti-di-punta\/#primaryimage\"},\"thumbnailUrl\":\"https:\/\/lamandalerestaurant.com\/wp-content\/uploads\/2024\/04\/DSC9211-1.jpg\",\"datePublished\":\"2024-04-06T17:23:41+00:00\",\"dateModified\":\"2024-05-05T16:11:16+00:00\",\"description\":\"Qui troverete il lessico dei prodotti di punta. Il nostro ristorante La Mandale utilizza ingredienti della cucina asiatica.\",\"breadcrumb\":{\"@id\":\"https:\/\/lamandalerestaurant.com\/index.php\/it\/la-mandale-italiano-lesssico-dei-prodotti-di-punta\/#breadcrumb\"},\"inLanguage\":\"fr-FR\",\"potentialAction\":[{\"@type\":\"ReadAction\",\"target\":[\"https:\/\/lamandalerestaurant.com\/index.php\/it\/la-mandale-italiano-lesssico-dei-prodotti-di-punta\/\"]}]},{\"@type\":\"ImageObject\",\"inLanguage\":\"fr-FR\",\"@id\":\"https:\/\/lamandalerestaurant.com\/index.php\/it\/la-mandale-italiano-lesssico-dei-prodotti-di-punta\/#primaryimage\",\"url\":\"https:\/\/lamandalerestaurant.com\/wp-content\/uploads\/2024\/04\/DSC9211-1.jpg\",\"contentUrl\":\"https:\/\/lamandalerestaurant.com\/wp-content\/uploads\/2024\/04\/DSC9211-1.jpg\",\"width\":1285,\"height\":1930,\"caption\":\"piatto\"},{\"@type\":\"BreadcrumbList\",\"@id\":\"https:\/\/lamandalerestaurant.com\/index.php\/it\/la-mandale-italiano-lesssico-dei-prodotti-di-punta\/#breadcrumb\",\"itemListElement\":[{\"@type\":\"ListItem\",\"position\":1,\"name\":\"Accueil\",\"item\":\"https:\/\/lamandalerestaurant.com\/\"},{\"@type\":\"ListItem\",\"position\":2,\"name\":\"Lesssico dei prodotti di punta\"}]},{\"@type\":\"WebSite\",\"@id\":\"https:\/\/lamandalerestaurant.com\/#website\",\"url\":\"https:\/\/lamandalerestaurant.com\/\",\"name\":\"Lamandalerestaurant.com\",\"description\":\"La Mandale restaurant \",\"publisher\":{\"@id\":\"https:\/\/lamandalerestaurant.com\/#organization\"},\"potentialAction\":[{\"@type\":\"SearchAction\",\"target\":{\"@type\":\"EntryPoint\",\"urlTemplate\":\"https:\/\/lamandalerestaurant.com\/?s={search_term_string}\"},\"query-input\":\"required name=search_term_string\"}],\"inLanguage\":\"fr-FR\"},{\"@type\":\"Organization\",\"@id\":\"https:\/\/lamandalerestaurant.com\/#organization\",\"name\":\"La Mandale restaurant\",\"url\":\"https:\/\/lamandalerestaurant.com\/\",\"logo\":{\"@type\":\"ImageObject\",\"inLanguage\":\"fr-FR\",\"@id\":\"https:\/\/lamandalerestaurant.com\/#\/schema\/logo\/image\/\",\"url\":\"https:\/\/lamandalerestaurant.com\/wp-content\/uploads\/2024\/04\/cropped-1.png\",\"contentUrl\":\"https:\/\/lamandalerestaurant.com\/wp-content\/uploads\/2024\/04\/cropped-1.png\",\"width\":512,\"height\":512,\"caption\":\"La Mandale restaurant\"},\"image\":{\"@id\":\"https:\/\/lamandalerestaurant.com\/#\/schema\/logo\/image\/\"},\"sameAs\":[\"https:\/\/www.facebook.com\/Lamandalerestaurant\/\",\"https:\/\/www.instagram.com\/lamandalerestaurant\/\"]}]}<\/script>\n<!-- \/ Yoast SEO plugin. -->","yoast_head_json":{"title":"Lesssico dei prodotti di punta - La Mandale","description":"Qui troverete il lessico dei prodotti di punta. Il nostro ristorante La Mandale utilizza ingredienti della cucina asiatica.","robots":{"index":"index","follow":"follow","max-snippet":"max-snippet:-1","max-image-preview":"max-image-preview:large","max-video-preview":"max-video-preview:-1"},"canonical":"https:\/\/lamandalerestaurant.com\/index.php\/it\/la-mandale-italiano-lesssico-dei-prodotti-di-punta\/","og_locale":"fr_FR","og_type":"article","og_title":"Lesssico dei prodotti di punta - La Mandale","og_description":"Qui troverete il lessico dei prodotti di punta. Il nostro ristorante La Mandale utilizza ingredienti della cucina asiatica.","og_url":"https:\/\/lamandalerestaurant.com\/index.php\/it\/la-mandale-italiano-lesssico-dei-prodotti-di-punta\/","og_site_name":"La Mandale","article_publisher":"https:\/\/www.facebook.com\/Lamandalerestaurant\/","article_modified_time":"2024-05-05T16:11:16+00:00","og_image":[{"width":1285,"height":1930,"url":"https:\/\/lamandalerestaurant.com\/wp-content\/uploads\/2024\/04\/DSC9211-1.jpg","type":"image\/jpeg"}],"twitter_card":"summary_large_image","twitter_misc":{"Dur\u00e9e de lecture estim\u00e9e":"1 minute"},"schema":{"@context":"https:\/\/schema.org","@graph":[{"@type":"WebPage","@id":"https:\/\/lamandalerestaurant.com\/index.php\/it\/la-mandale-italiano-lesssico-dei-prodotti-di-punta\/","url":"https:\/\/lamandalerestaurant.com\/index.php\/it\/la-mandale-italiano-lesssico-dei-prodotti-di-punta\/","name":"Lesssico dei prodotti di punta - La Mandale","isPartOf":{"@id":"https:\/\/lamandalerestaurant.com\/#website"},"primaryImageOfPage":{"@id":"https:\/\/lamandalerestaurant.com\/index.php\/it\/la-mandale-italiano-lesssico-dei-prodotti-di-punta\/#primaryimage"},"image":{"@id":"https:\/\/lamandalerestaurant.com\/index.php\/it\/la-mandale-italiano-lesssico-dei-prodotti-di-punta\/#primaryimage"},"thumbnailUrl":"https:\/\/lamandalerestaurant.com\/wp-content\/uploads\/2024\/04\/DSC9211-1.jpg","datePublished":"2024-04-06T17:23:41+00:00","dateModified":"2024-05-05T16:11:16+00:00","description":"Qui troverete il lessico dei prodotti di punta. Il nostro ristorante La Mandale utilizza ingredienti della cucina asiatica.","breadcrumb":{"@id":"https:\/\/lamandalerestaurant.com\/index.php\/it\/la-mandale-italiano-lesssico-dei-prodotti-di-punta\/#breadcrumb"},"inLanguage":"fr-FR","potentialAction":[{"@type":"ReadAction","target":["https:\/\/lamandalerestaurant.com\/index.php\/it\/la-mandale-italiano-lesssico-dei-prodotti-di-punta\/"]}]},{"@type":"ImageObject","inLanguage":"fr-FR","@id":"https:\/\/lamandalerestaurant.com\/index.php\/it\/la-mandale-italiano-lesssico-dei-prodotti-di-punta\/#primaryimage","url":"https:\/\/lamandalerestaurant.com\/wp-content\/uploads\/2024\/04\/DSC9211-1.jpg","contentUrl":"https:\/\/lamandalerestaurant.com\/wp-content\/uploads\/2024\/04\/DSC9211-1.jpg","width":1285,"height":1930,"caption":"piatto"},{"@type":"BreadcrumbList","@id":"https:\/\/lamandalerestaurant.com\/index.php\/it\/la-mandale-italiano-lesssico-dei-prodotti-di-punta\/#breadcrumb","itemListElement":[{"@type":"ListItem","position":1,"name":"Accueil","item":"https:\/\/lamandalerestaurant.com\/"},{"@type":"ListItem","position":2,"name":"Lesssico dei prodotti di punta"}]},{"@type":"WebSite","@id":"https:\/\/lamandalerestaurant.com\/#website","url":"https:\/\/lamandalerestaurant.com\/","name":"Lamandalerestaurant.com","description":"La Mandale restaurant ","publisher":{"@id":"https:\/\/lamandalerestaurant.com\/#organization"},"potentialAction":[{"@type":"SearchAction","target":{"@type":"EntryPoint","urlTemplate":"https:\/\/lamandalerestaurant.com\/?s={search_term_string}"},"query-input":"required name=search_term_string"}],"inLanguage":"fr-FR"},{"@type":"Organization","@id":"https:\/\/lamandalerestaurant.com\/#organization","name":"La Mandale restaurant","url":"https:\/\/lamandalerestaurant.com\/","logo":{"@type":"ImageObject","inLanguage":"fr-FR","@id":"https:\/\/lamandalerestaurant.com\/#\/schema\/logo\/image\/","url":"https:\/\/lamandalerestaurant.com\/wp-content\/uploads\/2024\/04\/cropped-1.png","contentUrl":"https:\/\/lamandalerestaurant.com\/wp-content\/uploads\/2024\/04\/cropped-1.png","width":512,"height":512,"caption":"La Mandale restaurant"},"image":{"@id":"https:\/\/lamandalerestaurant.com\/#\/schema\/logo\/image\/"},"sameAs":["https:\/\/www.facebook.com\/Lamandalerestaurant\/","https:\/\/www.instagram.com\/lamandalerestaurant\/"]}]}},"featured_media_urls":{"thumbnail":["https:\/\/lamandalerestaurant.com\/wp-content\/uploads\/2024\/04\/DSC9211-1-150x150.jpg",150,150,true],"medium":["https:\/\/lamandalerestaurant.com\/wp-content\/uploads\/2024\/04\/DSC9211-1-200x300.jpg",200,300,true],"medium_large":["https:\/\/lamandalerestaurant.com\/wp-content\/uploads\/2024\/04\/DSC9211-1-768x1153.jpg",768,1153,true],"large":["https:\/\/lamandalerestaurant.com\/wp-content\/uploads\/2024\/04\/DSC9211-1-682x1024.jpg",682,1024,true],"1536x1536":["https:\/\/lamandalerestaurant.com\/wp-content\/uploads\/2024\/04\/DSC9211-1-1023x1536.jpg",1023,1536,true],"2048x2048":["https:\/\/lamandalerestaurant.com\/wp-content\/uploads\/2024\/04\/DSC9211-1.jpg",1285,1930,false],"soulkitchen-uncropped":["https:\/\/lamandalerestaurant.com\/wp-content\/uploads\/2024\/04\/DSC9211-1.jpg",1285,1930,false],"soulkitchen-uncropped-largex2":["https:\/\/lamandalerestaurant.com\/wp-content\/uploads\/2024\/04\/DSC9211-1.jpg",1285,1930,false],"soulkitchen-uncropped-full":["https:\/\/lamandalerestaurant.com\/wp-content\/uploads\/2024\/04\/DSC9211-1-1200x1802.jpg",1200,1802,true],"soulkitchen-uncropped-large":["https:\/\/lamandalerestaurant.com\/wp-content\/uploads\/2024\/04\/DSC9211-1-800x1202.jpg",800,1202,true],"soulkitchen-uncropped-medium":["https:\/\/lamandalerestaurant.com\/wp-content\/uploads\/2024\/04\/DSC9211-1-560x841.jpg",560,841,true],"soulkitchen-suare":["https:\/\/lamandalerestaurant.com\/wp-content\/uploads\/2024\/04\/DSC9211-1.jpg",1285,1930,false],"soulkitchen-square-largex2":["https:\/\/lamandalerestaurant.com\/wp-content\/uploads\/2024\/04\/DSC9211-1-1285x1600.jpg",1285,1600,true],"soulkitchen-square-full":["https:\/\/lamandalerestaurant.com\/wp-content\/uploads\/2024\/04\/DSC9211-1-1200x1200.jpg",1200,1200,true],"soulkitchen-square-large":["https:\/\/lamandalerestaurant.com\/wp-content\/uploads\/2024\/04\/DSC9211-1-800x800.jpg",800,800,true],"soulkitchen-square-medium":["https:\/\/lamandalerestaurant.com\/wp-content\/uploads\/2024\/04\/DSC9211-1-560x560.jpg",560,560,true],"soulkitchen-square-small":["https:\/\/lamandalerestaurant.com\/wp-content\/uploads\/2024\/04\/DSC9211-1-250x250.jpg",250,250,true],"soulkitchen-square-mini":["https:\/\/lamandalerestaurant.com\/wp-content\/uploads\/2024\/04\/DSC9211-1-120x120.jpg",120,120,true],"soulkitchen-portrait-full":["https:\/\/lamandalerestaurant.com\/wp-content\/uploads\/2024\/04\/DSC9211-1-1200x1800.jpg",1200,1800,true],"soulkitchen-portrait-large":["https:\/\/lamandalerestaurant.com\/wp-content\/uploads\/2024\/04\/DSC9211-1-800x1200.jpg",800,1200,true],"soulkitchen-landscape":["https:\/\/lamandalerestaurant.com\/wp-content\/uploads\/2024\/04\/DSC9211-1-1285x1731.jpg",1285,1731,true],"soulkitchen-landscape-largex2":["https:\/\/lamandalerestaurant.com\/wp-content\/uploads\/2024\/04\/DSC9211-1-1285x1200.jpg",1285,1200,true],"soulkitchen-landscape-full":["https:\/\/lamandalerestaurant.com\/wp-content\/uploads\/2024\/04\/DSC9211-1-1200x900.jpg",1200,900,true],"soulkitchen-landscape-large":["https:\/\/lamandalerestaurant.com\/wp-content\/uploads\/2024\/04\/DSC9211-1-800x600.jpg",800,600,true],"soulkitchen-landscape-medium":["https:\/\/lamandalerestaurant.com\/wp-content\/uploads\/2024\/04\/DSC9211-1-560x420.jpg",560,420,true],"soulkitchen-landscape-mini":["https:\/\/lamandalerestaurant.com\/wp-content\/uploads\/2024\/04\/DSC9211-1-120x90.jpg",120,90,true],"soulkitchen-landscapenarrow":["https:\/\/lamandalerestaurant.com\/wp-content\/uploads\/2024\/04\/DSC9211-1-1285x1154.jpg",1285,1154,true],"soulkitchen-landscapenarrow-largex2":["https:\/\/lamandalerestaurant.com\/wp-content\/uploads\/2024\/04\/DSC9211-1-1285x800.jpg",1285,800,true],"soulkitchen-landscapenarrow-large":["https:\/\/lamandalerestaurant.com\/wp-content\/uploads\/2024\/04\/DSC9211-1-800x400.jpg",800,400,true],"woocommerce_thumbnail":["https:\/\/lamandalerestaurant.com\/wp-content\/uploads\/2024\/04\/DSC9211-1-870x1307.jpg",870,1307,true],"woocommerce_single":["https:\/\/lamandalerestaurant.com\/wp-content\/uploads\/2024\/04\/DSC9211-1-870x1307.jpg",870,1307,true],"woocommerce_gallery_thumbnail":["https:\/\/lamandalerestaurant.com\/wp-content\/uploads\/2024\/04\/DSC9211-1-100x100.jpg",100,100,true],"portfolio_item-thumbnail":["https:\/\/lamandalerestaurant.com\/wp-content\/uploads\/2024\/04\/DSC9211-1.jpg",266,400,false],"portfolio_item-thumbnail@2x":["https:\/\/lamandalerestaurant.com\/wp-content\/uploads\/2024\/04\/DSC9211-1.jpg",533,800,false],"portfolio_item-masonry":["https:\/\/lamandalerestaurant.com\/wp-content\/uploads\/2024\/04\/DSC9211-1.jpg",600,901,false],"portfolio_item-masonry@2x":["https:\/\/lamandalerestaurant.com\/wp-content\/uploads\/2024\/04\/DSC9211-1.jpg",1200,1802,false],"portfolio_item-thumbnail_cinema":["https:\/\/lamandalerestaurant.com\/wp-content\/uploads\/2024\/04\/DSC9211-1.jpg",223,335,false],"portfolio_item-thumbnail_portrait":["https:\/\/lamandalerestaurant.com\/wp-content\/uploads\/2024\/04\/DSC9211-1.jpg",600,900,false],"portfolio_item-thumbnail_portrait@2x":["https:\/\/lamandalerestaurant.com\/wp-content\/uploads\/2024\/04\/DSC9211-1.jpg",1198,1800,false],"portfolio_item-thumbnail_square":["https:\/\/lamandalerestaurant.com\/wp-content\/uploads\/2024\/04\/DSC9211-1.jpg",533,800,false]},"_links":{"self":[{"href":"https:\/\/lamandalerestaurant.com\/index.php\/wp-json\/wp\/v2\/pages\/13606","targetHints":{"allow":["GET"]}}],"collection":[{"href":"https:\/\/lamandalerestaurant.com\/index.php\/wp-json\/wp\/v2\/pages"}],"about":[{"href":"https:\/\/lamandalerestaurant.com\/index.php\/wp-json\/wp\/v2\/types\/page"}],"author":[{"embeddable":true,"href":"https:\/\/lamandalerestaurant.com\/index.php\/wp-json\/wp\/v2\/users\/1"}],"replies":[{"embeddable":true,"href":"https:\/\/lamandalerestaurant.com\/index.php\/wp-json\/wp\/v2\/comments?post=13606"}],"version-history":[{"count":2,"href":"https:\/\/lamandalerestaurant.com\/index.php\/wp-json\/wp\/v2\/pages\/13606\/revisions"}],"predecessor-version":[{"id":13683,"href":"https:\/\/lamandalerestaurant.com\/index.php\/wp-json\/wp\/v2\/pages\/13606\/revisions\/13683"}],"wp:featuredmedia":[{"embeddable":true,"href":"https:\/\/lamandalerestaurant.com\/index.php\/wp-json\/wp\/v2\/media\/14163"}],"wp:attachment":[{"href":"https:\/\/lamandalerestaurant.com\/index.php\/wp-json\/wp\/v2\/media?parent=13606"}],"curies":[{"name":"wp","href":"https:\/\/api.w.org\/{rel}","templated":true}]}}