{"id":13625,"date":"2024-04-07T10:44:24","date_gmt":"2024-04-07T08:44:24","guid":{"rendered":"https:\/\/lamandalerestaurant.com\/?page_id=13625"},"modified":"2024-04-12T09:14:10","modified_gmt":"2024-04-12T07:14:10","slug":"la-mandale-espanol-menu","status":"publish","type":"page","link":"https:\/\/lamandalerestaurant.com\/index.php\/es\/la-mandale-espanol-menu\/","title":{"rendered":"Menu del restaurante"},"content":{"rendered":"\n<p class=\"has-text-align-center\" style=\"font-size:15px\">Debajo encontrar\u00e1 el men\u00fa del mediod\u00eda y el men\u00fa de la noche que se renueva cada semana. Decidimos renovar los men\u00fas cada semana para diversificar los platos propuestos, dando rienda suelta a la creatividad culinaria.<\/p>\n\n\n\n<h2 class=\"wp-block-heading has-text-align-center has-large-font-size\" style=\"text-decoration:underline\">Men\u00fa del mediodia <\/h2>\n\n\n<div class=\"wp-block-image\">\n<figure class=\"aligncenter size-large is-resized\"><img loading=\"lazy\" decoding=\"async\" width=\"699\" height=\"1024\" src=\"https:\/\/lamandalerestaurant.com\/wp-content\/uploads\/2024\/04\/menu-du-midi-1-699x1024.jpg\" alt=\"\" class=\"wp-image-13481\" style=\"width:562px;height:auto\" srcset=\"https:\/\/lamandalerestaurant.com\/wp-content\/uploads\/2024\/04\/menu-du-midi-1-699x1024.jpg 699w, https:\/\/lamandalerestaurant.com\/wp-content\/uploads\/2024\/04\/menu-du-midi-1-205x300.jpg 205w, https:\/\/lamandalerestaurant.com\/wp-content\/uploads\/2024\/04\/menu-du-midi-1-768x1126.jpg 768w, https:\/\/lamandalerestaurant.com\/wp-content\/uploads\/2024\/04\/menu-du-midi-1-800x1173.jpg 800w, https:\/\/lamandalerestaurant.com\/wp-content\/uploads\/2024\/04\/menu-du-midi-1-560x821.jpg 560w, https:\/\/lamandalerestaurant.com\/wp-content\/uploads\/2024\/04\/menu-du-midi-1-870x1275.jpg 870w, https:\/\/lamandalerestaurant.com\/wp-content\/uploads\/2024\/04\/menu-du-midi-1-600x879.jpg 600w, https:\/\/lamandalerestaurant.com\/wp-content\/uploads\/2024\/04\/menu-du-midi-1.jpg 921w\" sizes=\"auto, (max-width: 699px) 100vw, 699px\" \/><\/figure>\n<\/div>\n\n\n<h2 class=\"wp-block-heading has-text-align-center has-large-font-size\" style=\"text-decoration:underline\">Menu de la noche<\/h2>\n\n\n<div class=\"wp-block-image is-style-default\">\n<figure class=\"aligncenter size-large is-resized\"><img loading=\"lazy\" decoding=\"async\" width=\"710\" height=\"1024\" src=\"https:\/\/lamandalerestaurant.com\/wp-content\/uploads\/2024\/04\/menu-du-soir-710x1024.jpg\" alt=\"men\u00fa del restaurant \" class=\"wp-image-13482\" style=\"width:566px;height:auto\" srcset=\"https:\/\/lamandalerestaurant.com\/wp-content\/uploads\/2024\/04\/menu-du-soir-710x1024.jpg 710w, https:\/\/lamandalerestaurant.com\/wp-content\/uploads\/2024\/04\/menu-du-soir-208x300.jpg 208w, https:\/\/lamandalerestaurant.com\/wp-content\/uploads\/2024\/04\/menu-du-soir-768x1107.jpg 768w, https:\/\/lamandalerestaurant.com\/wp-content\/uploads\/2024\/04\/menu-du-soir-800x1153.jpg 800w, https:\/\/lamandalerestaurant.com\/wp-content\/uploads\/2024\/04\/menu-du-soir-560x807.jpg 560w, https:\/\/lamandalerestaurant.com\/wp-content\/uploads\/2024\/04\/menu-du-soir-870x1254.jpg 870w, https:\/\/lamandalerestaurant.com\/wp-content\/uploads\/2024\/04\/menu-du-soir-600x865.jpg 600w, https:\/\/lamandalerestaurant.com\/wp-content\/uploads\/2024\/04\/menu-du-soir.jpg 899w\" sizes=\"auto, (max-width: 710px) 100vw, 710px\" \/><\/figure>\n<\/div>\n\n\n<p class=\"has-text-align-center narrow has-medium-font-size\"><\/p>\n\n\n\n<div style=\"height:24px\" aria-hidden=\"true\" class=\"wp-block-spacer\"><\/div>\n","protected":false},"excerpt":{"rendered":"Debajo encontrar\u00e1 el men\u00fa del mediod\u00eda y el men\u00fa de la noche","protected":false},"author":1,"featured_media":0,"parent":0,"menu_order":30,"comment_status":"closed","ping_status":"closed","template":"","meta":{"om_disable_all_campaigns":false,"_monsterinsights_skip_tracking":false,"_monsterinsights_sitenote_active":false,"_monsterinsights_sitenote_note":"","_monsterinsights_sitenote_category":0,"footnotes":""},"class_list":["post-13625","page","type-page","status-publish","hentry"],"yoast_head":"<!-- This site is optimized with the Yoast SEO plugin v22.4 - https:\/\/yoast.com\/wordpress\/plugins\/seo\/ -->\n<title>Menu del restaurante - La Mandale<\/title>\n<meta name=\"description\" content=\"Encontrar\u00e1 el men\u00fa del mediod\u00eda y el men\u00fa de la tarde que se renueva cada semana para entretener sus papilas gustativas.\" \/>\n<meta name=\"robots\" content=\"index, follow, max-snippet:-1, max-image-preview:large, max-video-preview:-1\" \/>\n<link rel=\"canonical\" href=\"https:\/\/lamandalerestaurant.com\/index.php\/es\/la-mandale-espanol-menu\/\" \/>\n<meta property=\"og:locale\" content=\"fr_FR\" \/>\n<meta property=\"og:type\" content=\"article\" \/>\n<meta property=\"og:title\" content=\"Menu del restaurante - La Mandale\" \/>\n<meta property=\"og:description\" content=\"Encontrar\u00e1 el men\u00fa del mediod\u00eda y el men\u00fa de la tarde que se renueva cada semana para entretener sus papilas gustativas.\" \/>\n<meta property=\"og:url\" content=\"https:\/\/lamandalerestaurant.com\/index.php\/es\/la-mandale-espanol-menu\/\" \/>\n<meta property=\"og:site_name\" content=\"La Mandale\" \/>\n<meta property=\"article:publisher\" content=\"https:\/\/www.facebook.com\/Lamandalerestaurant\/\" \/>\n<meta property=\"article:modified_time\" content=\"2024-04-12T07:14:10+00:00\" \/>\n<meta property=\"og:image\" content=\"https:\/\/lamandalerestaurant.com\/wp-content\/uploads\/2024\/04\/menu-du-midi-1-699x1024.jpg\" \/>\n<meta name=\"twitter:card\" content=\"summary_large_image\" \/>\n<meta name=\"twitter:label1\" content=\"Dur\u00e9e de lecture estim\u00e9e\" \/>\n\t<meta name=\"twitter:data1\" content=\"1 minute\" \/>\n<script type=\"application\/ld+json\" class=\"yoast-schema-graph\">{\"@context\":\"https:\/\/schema.org\",\"@graph\":[{\"@type\":\"WebPage\",\"@id\":\"https:\/\/lamandalerestaurant.com\/index.php\/es\/la-mandale-espanol-menu\/\",\"url\":\"https:\/\/lamandalerestaurant.com\/index.php\/es\/la-mandale-espanol-menu\/\",\"name\":\"Menu del restaurante - La Mandale\",\"isPartOf\":{\"@id\":\"https:\/\/lamandalerestaurant.com\/#website\"},\"primaryImageOfPage\":{\"@id\":\"https:\/\/lamandalerestaurant.com\/index.php\/es\/la-mandale-espanol-menu\/#primaryimage\"},\"image\":{\"@id\":\"https:\/\/lamandalerestaurant.com\/index.php\/es\/la-mandale-espanol-menu\/#primaryimage\"},\"thumbnailUrl\":\"https:\/\/lamandalerestaurant.com\/wp-content\/uploads\/2024\/04\/menu-du-midi-1-699x1024.jpg\",\"datePublished\":\"2024-04-07T08:44:24+00:00\",\"dateModified\":\"2024-04-12T07:14:10+00:00\",\"description\":\"Encontrar\u00e1 el men\u00fa del mediod\u00eda y el men\u00fa de la tarde que se renueva cada semana para entretener sus papilas gustativas.\",\"breadcrumb\":{\"@id\":\"https:\/\/lamandalerestaurant.com\/index.php\/es\/la-mandale-espanol-menu\/#breadcrumb\"},\"inLanguage\":\"fr-FR\",\"potentialAction\":[{\"@type\":\"ReadAction\",\"target\":[\"https:\/\/lamandalerestaurant.com\/index.php\/es\/la-mandale-espanol-menu\/\"]}]},{\"@type\":\"ImageObject\",\"inLanguage\":\"fr-FR\",\"@id\":\"https:\/\/lamandalerestaurant.com\/index.php\/es\/la-mandale-espanol-menu\/#primaryimage\",\"url\":\"https:\/\/lamandalerestaurant.com\/wp-content\/uploads\/2024\/04\/menu-du-midi-1.jpg\",\"contentUrl\":\"https:\/\/lamandalerestaurant.com\/wp-content\/uploads\/2024\/04\/menu-du-midi-1.jpg\",\"width\":921,\"height\":1350,\"caption\":\"Screenshot\"},{\"@type\":\"BreadcrumbList\",\"@id\":\"https:\/\/lamandalerestaurant.com\/index.php\/es\/la-mandale-espanol-menu\/#breadcrumb\",\"itemListElement\":[{\"@type\":\"ListItem\",\"position\":1,\"name\":\"Accueil\",\"item\":\"https:\/\/lamandalerestaurant.com\/\"},{\"@type\":\"ListItem\",\"position\":2,\"name\":\"Menu del restaurante\"}]},{\"@type\":\"WebSite\",\"@id\":\"https:\/\/lamandalerestaurant.com\/#website\",\"url\":\"https:\/\/lamandalerestaurant.com\/\",\"name\":\"Lamandalerestaurant.com\",\"description\":\"La Mandale restaurant \",\"publisher\":{\"@id\":\"https:\/\/lamandalerestaurant.com\/#organization\"},\"potentialAction\":[{\"@type\":\"SearchAction\",\"target\":{\"@type\":\"EntryPoint\",\"urlTemplate\":\"https:\/\/lamandalerestaurant.com\/?s={search_term_string}\"},\"query-input\":\"required name=search_term_string\"}],\"inLanguage\":\"fr-FR\"},{\"@type\":\"Organization\",\"@id\":\"https:\/\/lamandalerestaurant.com\/#organization\",\"name\":\"La Mandale restaurant\",\"url\":\"https:\/\/lamandalerestaurant.com\/\",\"logo\":{\"@type\":\"ImageObject\",\"inLanguage\":\"fr-FR\",\"@id\":\"https:\/\/lamandalerestaurant.com\/#\/schema\/logo\/image\/\",\"url\":\"https:\/\/lamandalerestaurant.com\/wp-content\/uploads\/2024\/04\/cropped-1.png\",\"contentUrl\":\"https:\/\/lamandalerestaurant.com\/wp-content\/uploads\/2024\/04\/cropped-1.png\",\"width\":512,\"height\":512,\"caption\":\"La Mandale restaurant\"},\"image\":{\"@id\":\"https:\/\/lamandalerestaurant.com\/#\/schema\/logo\/image\/\"},\"sameAs\":[\"https:\/\/www.facebook.com\/Lamandalerestaurant\/\",\"https:\/\/www.instagram.com\/lamandalerestaurant\/\"]}]}<\/script>\n<!-- \/ Yoast SEO plugin. -->","yoast_head_json":{"title":"Menu del restaurante - La Mandale","description":"Encontrar\u00e1 el men\u00fa del mediod\u00eda y el men\u00fa de la tarde que se renueva cada semana para entretener sus papilas gustativas.","robots":{"index":"index","follow":"follow","max-snippet":"max-snippet:-1","max-image-preview":"max-image-preview:large","max-video-preview":"max-video-preview:-1"},"canonical":"https:\/\/lamandalerestaurant.com\/index.php\/es\/la-mandale-espanol-menu\/","og_locale":"fr_FR","og_type":"article","og_title":"Menu del restaurante - La Mandale","og_description":"Encontrar\u00e1 el men\u00fa del mediod\u00eda y el men\u00fa de la tarde que se renueva cada semana para entretener sus papilas gustativas.","og_url":"https:\/\/lamandalerestaurant.com\/index.php\/es\/la-mandale-espanol-menu\/","og_site_name":"La Mandale","article_publisher":"https:\/\/www.facebook.com\/Lamandalerestaurant\/","article_modified_time":"2024-04-12T07:14:10+00:00","og_image":[{"url":"https:\/\/lamandalerestaurant.com\/wp-content\/uploads\/2024\/04\/menu-du-midi-1-699x1024.jpg"}],"twitter_card":"summary_large_image","twitter_misc":{"Dur\u00e9e de lecture estim\u00e9e":"1 minute"},"schema":{"@context":"https:\/\/schema.org","@graph":[{"@type":"WebPage","@id":"https:\/\/lamandalerestaurant.com\/index.php\/es\/la-mandale-espanol-menu\/","url":"https:\/\/lamandalerestaurant.com\/index.php\/es\/la-mandale-espanol-menu\/","name":"Menu del restaurante - La Mandale","isPartOf":{"@id":"https:\/\/lamandalerestaurant.com\/#website"},"primaryImageOfPage":{"@id":"https:\/\/lamandalerestaurant.com\/index.php\/es\/la-mandale-espanol-menu\/#primaryimage"},"image":{"@id":"https:\/\/lamandalerestaurant.com\/index.php\/es\/la-mandale-espanol-menu\/#primaryimage"},"thumbnailUrl":"https:\/\/lamandalerestaurant.com\/wp-content\/uploads\/2024\/04\/menu-du-midi-1-699x1024.jpg","datePublished":"2024-04-07T08:44:24+00:00","dateModified":"2024-04-12T07:14:10+00:00","description":"Encontrar\u00e1 el men\u00fa del mediod\u00eda y el men\u00fa de la tarde que se renueva cada semana para entretener sus papilas gustativas.","breadcrumb":{"@id":"https:\/\/lamandalerestaurant.com\/index.php\/es\/la-mandale-espanol-menu\/#breadcrumb"},"inLanguage":"fr-FR","potentialAction":[{"@type":"ReadAction","target":["https:\/\/lamandalerestaurant.com\/index.php\/es\/la-mandale-espanol-menu\/"]}]},{"@type":"ImageObject","inLanguage":"fr-FR","@id":"https:\/\/lamandalerestaurant.com\/index.php\/es\/la-mandale-espanol-menu\/#primaryimage","url":"https:\/\/lamandalerestaurant.com\/wp-content\/uploads\/2024\/04\/menu-du-midi-1.jpg","contentUrl":"https:\/\/lamandalerestaurant.com\/wp-content\/uploads\/2024\/04\/menu-du-midi-1.jpg","width":921,"height":1350,"caption":"Screenshot"},{"@type":"BreadcrumbList","@id":"https:\/\/lamandalerestaurant.com\/index.php\/es\/la-mandale-espanol-menu\/#breadcrumb","itemListElement":[{"@type":"ListItem","position":1,"name":"Accueil","item":"https:\/\/lamandalerestaurant.com\/"},{"@type":"ListItem","position":2,"name":"Menu del restaurante"}]},{"@type":"WebSite","@id":"https:\/\/lamandalerestaurant.com\/#website","url":"https:\/\/lamandalerestaurant.com\/","name":"Lamandalerestaurant.com","description":"La Mandale restaurant ","publisher":{"@id":"https:\/\/lamandalerestaurant.com\/#organization"},"potentialAction":[{"@type":"SearchAction","target":{"@type":"EntryPoint","urlTemplate":"https:\/\/lamandalerestaurant.com\/?s={search_term_string}"},"query-input":"required name=search_term_string"}],"inLanguage":"fr-FR"},{"@type":"Organization","@id":"https:\/\/lamandalerestaurant.com\/#organization","name":"La Mandale restaurant","url":"https:\/\/lamandalerestaurant.com\/","logo":{"@type":"ImageObject","inLanguage":"fr-FR","@id":"https:\/\/lamandalerestaurant.com\/#\/schema\/logo\/image\/","url":"https:\/\/lamandalerestaurant.com\/wp-content\/uploads\/2024\/04\/cropped-1.png","contentUrl":"https:\/\/lamandalerestaurant.com\/wp-content\/uploads\/2024\/04\/cropped-1.png","width":512,"height":512,"caption":"La Mandale restaurant"},"image":{"@id":"https:\/\/lamandalerestaurant.com\/#\/schema\/logo\/image\/"},"sameAs":["https:\/\/www.facebook.com\/Lamandalerestaurant\/","https:\/\/www.instagram.com\/lamandalerestaurant\/"]}]}},"featured_media_urls":[],"_links":{"self":[{"href":"https:\/\/lamandalerestaurant.com\/index.php\/wp-json\/wp\/v2\/pages\/13625","targetHints":{"allow":["GET"]}}],"collection":[{"href":"https:\/\/lamandalerestaurant.com\/index.php\/wp-json\/wp\/v2\/pages"}],"about":[{"href":"https:\/\/lamandalerestaurant.com\/index.php\/wp-json\/wp\/v2\/types\/page"}],"author":[{"embeddable":true,"href":"https:\/\/lamandalerestaurant.com\/index.php\/wp-json\/wp\/v2\/users\/1"}],"replies":[{"embeddable":true,"href":"https:\/\/lamandalerestaurant.com\/index.php\/wp-json\/wp\/v2\/comments?post=13625"}],"version-history":[{"count":8,"href":"https:\/\/lamandalerestaurant.com\/index.php\/wp-json\/wp\/v2\/pages\/13625\/revisions"}],"predecessor-version":[{"id":14117,"href":"https:\/\/lamandalerestaurant.com\/index.php\/wp-json\/wp\/v2\/pages\/13625\/revisions\/14117"}],"wp:attachment":[{"href":"https:\/\/lamandalerestaurant.com\/index.php\/wp-json\/wp\/v2\/media?parent=13625"}],"curies":[{"name":"wp","href":"https:\/\/api.w.org\/{rel}","templated":true}]}}