{"id":14349,"date":"2024-04-16T11:29:05","date_gmt":"2024-04-16T09:29:05","guid":{"rendered":"https:\/\/lamandalerestaurant.com\/?page_id=14349"},"modified":"2024-05-05T18:29:34","modified_gmt":"2024-05-05T16:29:34","slug":"la-mandale-espanol-faq","status":"publish","type":"page","link":"https:\/\/lamandalerestaurant.com\/index.php\/es\/la-mandale-espanol-faq\/","title":{"rendered":"FAQ"},"content":{"rendered":"\n<p style=\"font-size:16px\"><em>Aqu\u00ed est\u00e1n algunas preguntas frecuentes sobre el restaurante La Mandale.<\/em><\/p>\n\n\n\n<p class=\"question\" style=\"font-size:18px\"><strong>\u00bfCu\u00e1l es el n\u00famero m\u00e1ximo de cubiertos por mesa?<\/strong><\/p>\n\n\n\n<p class=\"answer\" style=\"font-size:16px\">El n\u00famero m\u00e1ximo de cubiertos por mesa es de 6.<\/p>\n\n\n\n<p class=\"question\" style=\"font-size:18px\"><strong>\u00bfSe admiten mascotas en el restaurante?<\/strong><\/p>\n\n\n\n<p class=\"answer\" style=\"font-size:16px\">No, no se admiten mascotas en nuestro restaurante.<\/p>\n\n\n\n<p class=\"question\" style=\"font-size:18px\"><strong>\u00bfAcepta cheques de vacaciones ?<\/strong><\/p>\n\n\n\n<p class=\"answer\" style=\"font-size:16px\">No, no aceptamos cheques de vacaciones.<\/p>\n\n\n\n<p class=\"question\" style=\"font-size:18px\"><strong>\u00bfAceptas entradas para el restaurante?<\/strong><\/p>\n\n\n\n<p class=\"answer\" style=\"font-size:16px\">S\u00ed, aceptamos entradas para restaurantes, pero solo a mediod\u00eda.<\/p>\n","protected":false},"excerpt":{"rendered":"Aqu\u00ed est\u00e1n algunas preguntas frecuentes sobre el restaurante La Mandale. \u00bfCu\u00e1l es","protected":false},"author":1,"featured_media":0,"parent":0,"menu_order":38,"comment_status":"closed","ping_status":"closed","template":"","meta":{"om_disable_all_campaigns":false,"_monsterinsights_skip_tracking":false,"_monsterinsights_sitenote_active":false,"_monsterinsights_sitenote_note":"","_monsterinsights_sitenote_category":0,"footnotes":""},"class_list":["post-14349","page","type-page","status-publish","hentry"],"yoast_head":"<!-- This site is optimized with the Yoast SEO plugin v22.4 - https:\/\/yoast.com\/wordpress\/plugins\/seo\/ -->\n<title>FAQ - La Mandale<\/title>\n<meta name=\"description\" content=\"Aqu\u00ed est\u00e1n algunas preguntas frecuentes sobre el restaurante La Mandale.\u00bfCu\u00e1l es el n\u00famero m\u00e1ximo de cubiertos por mesa?\" \/>\n<meta name=\"robots\" content=\"index, follow, max-snippet:-1, max-image-preview:large, max-video-preview:-1\" \/>\n<link rel=\"canonical\" href=\"https:\/\/lamandalerestaurant.com\/index.php\/es\/la-mandale-espanol-faq\/\" \/>\n<meta property=\"og:locale\" content=\"fr_FR\" \/>\n<meta property=\"og:type\" content=\"article\" \/>\n<meta property=\"og:title\" content=\"FAQ - La Mandale\" \/>\n<meta property=\"og:description\" content=\"Aqu\u00ed est\u00e1n algunas preguntas frecuentes sobre el restaurante La Mandale.\u00bfCu\u00e1l es el n\u00famero m\u00e1ximo de cubiertos por mesa?\" \/>\n<meta property=\"og:url\" content=\"https:\/\/lamandalerestaurant.com\/index.php\/es\/la-mandale-espanol-faq\/\" \/>\n<meta property=\"og:site_name\" content=\"La Mandale\" \/>\n<meta property=\"article:publisher\" content=\"https:\/\/www.facebook.com\/Lamandalerestaurant\/\" \/>\n<meta property=\"article:modified_time\" content=\"2024-05-05T16:29:34+00:00\" \/>\n<meta name=\"twitter:card\" content=\"summary_large_image\" \/>\n<meta name=\"twitter:label1\" content=\"Dur\u00e9e de lecture estim\u00e9e\" \/>\n\t<meta name=\"twitter:data1\" content=\"1 minute\" \/>\n<script type=\"application\/ld+json\" class=\"yoast-schema-graph\">{\"@context\":\"https:\/\/schema.org\",\"@graph\":[{\"@type\":\"WebPage\",\"@id\":\"https:\/\/lamandalerestaurant.com\/index.php\/es\/la-mandale-espanol-faq\/\",\"url\":\"https:\/\/lamandalerestaurant.com\/index.php\/es\/la-mandale-espanol-faq\/\",\"name\":\"FAQ - La Mandale\",\"isPartOf\":{\"@id\":\"https:\/\/lamandalerestaurant.com\/#website\"},\"datePublished\":\"2024-04-16T09:29:05+00:00\",\"dateModified\":\"2024-05-05T16:29:34+00:00\",\"description\":\"Aqu\u00ed est\u00e1n algunas preguntas frecuentes sobre el restaurante La Mandale.\u00bfCu\u00e1l es el n\u00famero m\u00e1ximo de cubiertos por mesa?\",\"breadcrumb\":{\"@id\":\"https:\/\/lamandalerestaurant.com\/index.php\/es\/la-mandale-espanol-faq\/#breadcrumb\"},\"inLanguage\":\"fr-FR\",\"potentialAction\":[{\"@type\":\"ReadAction\",\"target\":[\"https:\/\/lamandalerestaurant.com\/index.php\/es\/la-mandale-espanol-faq\/\"]}]},{\"@type\":\"BreadcrumbList\",\"@id\":\"https:\/\/lamandalerestaurant.com\/index.php\/es\/la-mandale-espanol-faq\/#breadcrumb\",\"itemListElement\":[{\"@type\":\"ListItem\",\"position\":1,\"name\":\"Accueil\",\"item\":\"https:\/\/lamandalerestaurant.com\/\"},{\"@type\":\"ListItem\",\"position\":2,\"name\":\"FAQ\"}]},{\"@type\":\"WebSite\",\"@id\":\"https:\/\/lamandalerestaurant.com\/#website\",\"url\":\"https:\/\/lamandalerestaurant.com\/\",\"name\":\"Lamandalerestaurant.com\",\"description\":\"La Mandale restaurant \",\"publisher\":{\"@id\":\"https:\/\/lamandalerestaurant.com\/#organization\"},\"potentialAction\":[{\"@type\":\"SearchAction\",\"target\":{\"@type\":\"EntryPoint\",\"urlTemplate\":\"https:\/\/lamandalerestaurant.com\/?s={search_term_string}\"},\"query-input\":\"required name=search_term_string\"}],\"inLanguage\":\"fr-FR\"},{\"@type\":\"Organization\",\"@id\":\"https:\/\/lamandalerestaurant.com\/#organization\",\"name\":\"La Mandale restaurant\",\"url\":\"https:\/\/lamandalerestaurant.com\/\",\"logo\":{\"@type\":\"ImageObject\",\"inLanguage\":\"fr-FR\",\"@id\":\"https:\/\/lamandalerestaurant.com\/#\/schema\/logo\/image\/\",\"url\":\"https:\/\/lamandalerestaurant.com\/wp-content\/uploads\/2024\/04\/cropped-1.png\",\"contentUrl\":\"https:\/\/lamandalerestaurant.com\/wp-content\/uploads\/2024\/04\/cropped-1.png\",\"width\":512,\"height\":512,\"caption\":\"La Mandale restaurant\"},\"image\":{\"@id\":\"https:\/\/lamandalerestaurant.com\/#\/schema\/logo\/image\/\"},\"sameAs\":[\"https:\/\/www.facebook.com\/Lamandalerestaurant\/\",\"https:\/\/www.instagram.com\/lamandalerestaurant\/\"]}]}<\/script>\n<!-- \/ Yoast SEO plugin. -->","yoast_head_json":{"title":"FAQ - La Mandale","description":"Aqu\u00ed est\u00e1n algunas preguntas frecuentes sobre el restaurante La Mandale.\u00bfCu\u00e1l es el n\u00famero m\u00e1ximo de cubiertos por mesa?","robots":{"index":"index","follow":"follow","max-snippet":"max-snippet:-1","max-image-preview":"max-image-preview:large","max-video-preview":"max-video-preview:-1"},"canonical":"https:\/\/lamandalerestaurant.com\/index.php\/es\/la-mandale-espanol-faq\/","og_locale":"fr_FR","og_type":"article","og_title":"FAQ - La Mandale","og_description":"Aqu\u00ed est\u00e1n algunas preguntas frecuentes sobre el restaurante La Mandale.\u00bfCu\u00e1l es el n\u00famero m\u00e1ximo de cubiertos por mesa?","og_url":"https:\/\/lamandalerestaurant.com\/index.php\/es\/la-mandale-espanol-faq\/","og_site_name":"La Mandale","article_publisher":"https:\/\/www.facebook.com\/Lamandalerestaurant\/","article_modified_time":"2024-05-05T16:29:34+00:00","twitter_card":"summary_large_image","twitter_misc":{"Dur\u00e9e de lecture estim\u00e9e":"1 minute"},"schema":{"@context":"https:\/\/schema.org","@graph":[{"@type":"WebPage","@id":"https:\/\/lamandalerestaurant.com\/index.php\/es\/la-mandale-espanol-faq\/","url":"https:\/\/lamandalerestaurant.com\/index.php\/es\/la-mandale-espanol-faq\/","name":"FAQ - La Mandale","isPartOf":{"@id":"https:\/\/lamandalerestaurant.com\/#website"},"datePublished":"2024-04-16T09:29:05+00:00","dateModified":"2024-05-05T16:29:34+00:00","description":"Aqu\u00ed est\u00e1n algunas preguntas frecuentes sobre el restaurante La Mandale.\u00bfCu\u00e1l es el n\u00famero m\u00e1ximo de cubiertos por mesa?","breadcrumb":{"@id":"https:\/\/lamandalerestaurant.com\/index.php\/es\/la-mandale-espanol-faq\/#breadcrumb"},"inLanguage":"fr-FR","potentialAction":[{"@type":"ReadAction","target":["https:\/\/lamandalerestaurant.com\/index.php\/es\/la-mandale-espanol-faq\/"]}]},{"@type":"BreadcrumbList","@id":"https:\/\/lamandalerestaurant.com\/index.php\/es\/la-mandale-espanol-faq\/#breadcrumb","itemListElement":[{"@type":"ListItem","position":1,"name":"Accueil","item":"https:\/\/lamandalerestaurant.com\/"},{"@type":"ListItem","position":2,"name":"FAQ"}]},{"@type":"WebSite","@id":"https:\/\/lamandalerestaurant.com\/#website","url":"https:\/\/lamandalerestaurant.com\/","name":"Lamandalerestaurant.com","description":"La Mandale restaurant ","publisher":{"@id":"https:\/\/lamandalerestaurant.com\/#organization"},"potentialAction":[{"@type":"SearchAction","target":{"@type":"EntryPoint","urlTemplate":"https:\/\/lamandalerestaurant.com\/?s={search_term_string}"},"query-input":"required name=search_term_string"}],"inLanguage":"fr-FR"},{"@type":"Organization","@id":"https:\/\/lamandalerestaurant.com\/#organization","name":"La Mandale restaurant","url":"https:\/\/lamandalerestaurant.com\/","logo":{"@type":"ImageObject","inLanguage":"fr-FR","@id":"https:\/\/lamandalerestaurant.com\/#\/schema\/logo\/image\/","url":"https:\/\/lamandalerestaurant.com\/wp-content\/uploads\/2024\/04\/cropped-1.png","contentUrl":"https:\/\/lamandalerestaurant.com\/wp-content\/uploads\/2024\/04\/cropped-1.png","width":512,"height":512,"caption":"La Mandale restaurant"},"image":{"@id":"https:\/\/lamandalerestaurant.com\/#\/schema\/logo\/image\/"},"sameAs":["https:\/\/www.facebook.com\/Lamandalerestaurant\/","https:\/\/www.instagram.com\/lamandalerestaurant\/"]}]}},"featured_media_urls":[],"_links":{"self":[{"href":"https:\/\/lamandalerestaurant.com\/index.php\/wp-json\/wp\/v2\/pages\/14349","targetHints":{"allow":["GET"]}}],"collection":[{"href":"https:\/\/lamandalerestaurant.com\/index.php\/wp-json\/wp\/v2\/pages"}],"about":[{"href":"https:\/\/lamandalerestaurant.com\/index.php\/wp-json\/wp\/v2\/types\/page"}],"author":[{"embeddable":true,"href":"https:\/\/lamandalerestaurant.com\/index.php\/wp-json\/wp\/v2\/users\/1"}],"replies":[{"embeddable":true,"href":"https:\/\/lamandalerestaurant.com\/index.php\/wp-json\/wp\/v2\/comments?post=14349"}],"version-history":[{"count":2,"href":"https:\/\/lamandalerestaurant.com\/index.php\/wp-json\/wp\/v2\/pages\/14349\/revisions"}],"predecessor-version":[{"id":14494,"href":"https:\/\/lamandalerestaurant.com\/index.php\/wp-json\/wp\/v2\/pages\/14349\/revisions\/14494"}],"wp:attachment":[{"href":"https:\/\/lamandalerestaurant.com\/index.php\/wp-json\/wp\/v2\/media?parent=14349"}],"curies":[{"name":"wp","href":"https:\/\/api.w.org\/{rel}","templated":true}]}}