{"id":26,"date":"2024-03-15T09:21:22","date_gmt":"2024-03-15T08:21:22","guid":{"rendered":"https:\/\/lamandalerestaurant.com\/index.php\/blog\/"},"modified":"2024-05-05T18:16:24","modified_gmt":"2024-05-05T16:16:24","slug":"lexique-des-produits-phares","status":"publish","type":"page","link":"https:\/\/lamandalerestaurant.com\/index.php\/lexique-des-produits-phares\/","title":{"rendered":"Lexique des produits phares"},"content":{"rendered":"\n<ul class=\"wp-block-list\">\n<li><strong><em>Katsuobushi<\/em><\/strong>: copeaux de bonite s\u00e9ch\u00e9e (poisson).<\/li>\n\n\n\n<li><strong><em>Miso<\/em><\/strong>: p\u00e2te de soja ferment\u00e9e.<\/li>\n\n\n\n<li><strong><em>Furikake<\/em><\/strong>: condiment japonais \u00e0 base d&rsquo;algues, s\u00e9same, shiso.<\/li>\n\n\n\n<li><strong>Shiso<\/strong>: herbe aromatique.<\/li>\n\n\n\n<li><em><strong>Pak Cho\u00ef<\/strong><\/em>: Chou Chinois.<\/li>\n\n\n\n<li><strong><em>Kimchi<\/em><\/strong>: Recette cor\u00e9enne de chou ferment\u00e9 &amp; piment\u00e9.<\/li>\n\n\n\n<li><em><strong>Chimichurri<\/strong><\/em> : condiment sud-am\u00e9ricain \u00e0 base de piment, de persil, d&rsquo;origan, d&rsquo;ail, de ciboule, de vinaigre et d&rsquo;huile.<\/li>\n\n\n\n<li><strong><em>Rayu<\/em><\/strong>: condiment japonais compos\u00e9e d&rsquo;huile de s\u00e9same &amp; de piment.<\/li>\n\n\n\n<li><em><strong>Sauce XO<\/strong><\/em>:\u00a0sauce \u00e9pic\u00e9e aux\u00a0fruits de mer originaire de Hong Kong.\u00a0<\/li>\n\n\n\n<li><em><strong>Chili Oil<\/strong><\/em>: Huile piment\u00e9e au poivre sichuan d&rsquo;origine chinoise.<\/li>\n<\/ul>\n","protected":false},"excerpt":{"rendered":"Katsuobushi: copeaux de bonite s\u00e9ch\u00e9e (poisson). Miso: p\u00e2te de soja ferment\u00e9e. Furikake:","protected":false},"author":1,"featured_media":14290,"parent":0,"menu_order":0,"comment_status":"closed","ping_status":"closed","template":"","meta":{"om_disable_all_campaigns":false,"_monsterinsights_skip_tracking":false,"_monsterinsights_sitenote_active":false,"_monsterinsights_sitenote_note":"","_monsterinsights_sitenote_category":0,"footnotes":""},"class_list":["post-26","page","type-page","status-publish","has-post-thumbnail","hentry"],"yoast_head":"<!-- This site is optimized with the Yoast SEO plugin v22.4 - https:\/\/yoast.com\/wordpress\/plugins\/seo\/ -->\n<title>Lexique des produits phares - La Mandale<\/title>\n<meta name=\"description\" content=\"Vous trouverez ici le lexique des produits phares avec des produits d&#039;influences asiatiques de notre restaurant La Mandale.\" \/>\n<meta name=\"robots\" content=\"index, follow, max-snippet:-1, max-image-preview:large, max-video-preview:-1\" \/>\n<link rel=\"canonical\" href=\"https:\/\/lamandalerestaurant.com\/index.php\/lexique-des-produits-phares\/\" \/>\n<meta property=\"og:locale\" content=\"fr_FR\" \/>\n<meta property=\"og:type\" content=\"article\" \/>\n<meta property=\"og:title\" content=\"Lexique des produits phares - La Mandale\" \/>\n<meta property=\"og:description\" content=\"Vous trouverez ici le lexique des produits phares avec des produits d&#039;influences asiatiques de notre restaurant La Mandale.\" \/>\n<meta property=\"og:url\" content=\"https:\/\/lamandalerestaurant.com\/index.php\/lexique-des-produits-phares\/\" \/>\n<meta property=\"og:site_name\" content=\"La Mandale\" \/>\n<meta property=\"article:publisher\" content=\"https:\/\/www.facebook.com\/Lamandalerestaurant\/\" \/>\n<meta property=\"article:modified_time\" content=\"2024-05-05T16:16:24+00:00\" \/>\n<meta property=\"og:image\" content=\"https:\/\/lamandalerestaurant.com\/wp-content\/uploads\/2024\/04\/Mandale-BD-41-c-Christophe-Bornet-scaled.jpeg\" \/>\n\t<meta property=\"og:image:width\" content=\"1703\" \/>\n\t<meta property=\"og:image:height\" content=\"2560\" \/>\n\t<meta property=\"og:image:type\" content=\"image\/jpeg\" \/>\n<meta name=\"twitter:card\" content=\"summary_large_image\" \/>\n<meta name=\"twitter:label1\" content=\"Dur\u00e9e de lecture estim\u00e9e\" \/>\n\t<meta name=\"twitter:data1\" content=\"1 minute\" \/>\n<script type=\"application\/ld+json\" class=\"yoast-schema-graph\">{\"@context\":\"https:\/\/schema.org\",\"@graph\":[{\"@type\":\"WebPage\",\"@id\":\"https:\/\/lamandalerestaurant.com\/index.php\/lexique-des-produits-phares\/\",\"url\":\"https:\/\/lamandalerestaurant.com\/index.php\/lexique-des-produits-phares\/\",\"name\":\"Lexique des produits phares - La Mandale\",\"isPartOf\":{\"@id\":\"https:\/\/lamandalerestaurant.com\/#website\"},\"primaryImageOfPage\":{\"@id\":\"https:\/\/lamandalerestaurant.com\/index.php\/lexique-des-produits-phares\/#primaryimage\"},\"image\":{\"@id\":\"https:\/\/lamandalerestaurant.com\/index.php\/lexique-des-produits-phares\/#primaryimage\"},\"thumbnailUrl\":\"https:\/\/lamandalerestaurant.com\/wp-content\/uploads\/2024\/04\/Mandale-BD-41-c-Christophe-Bornet-scaled.jpeg\",\"datePublished\":\"2024-03-15T08:21:22+00:00\",\"dateModified\":\"2024-05-05T16:16:24+00:00\",\"description\":\"Vous trouverez ici le lexique des produits phares avec des produits d'influences asiatiques de notre restaurant La Mandale.\",\"breadcrumb\":{\"@id\":\"https:\/\/lamandalerestaurant.com\/index.php\/lexique-des-produits-phares\/#breadcrumb\"},\"inLanguage\":\"fr-FR\",\"potentialAction\":[{\"@type\":\"ReadAction\",\"target\":[\"https:\/\/lamandalerestaurant.com\/index.php\/lexique-des-produits-phares\/\"]}]},{\"@type\":\"ImageObject\",\"inLanguage\":\"fr-FR\",\"@id\":\"https:\/\/lamandalerestaurant.com\/index.php\/lexique-des-produits-phares\/#primaryimage\",\"url\":\"https:\/\/lamandalerestaurant.com\/wp-content\/uploads\/2024\/04\/Mandale-BD-41-c-Christophe-Bornet-scaled.jpeg\",\"contentUrl\":\"https:\/\/lamandalerestaurant.com\/wp-content\/uploads\/2024\/04\/Mandale-BD-41-c-Christophe-Bornet-scaled.jpeg\",\"width\":1703,\"height\":2560,\"caption\":\"plat\"},{\"@type\":\"BreadcrumbList\",\"@id\":\"https:\/\/lamandalerestaurant.com\/index.php\/lexique-des-produits-phares\/#breadcrumb\",\"itemListElement\":[{\"@type\":\"ListItem\",\"position\":1,\"name\":\"Accueil\",\"item\":\"https:\/\/lamandalerestaurant.com\/\"},{\"@type\":\"ListItem\",\"position\":2,\"name\":\"Lexique des produits phares\"}]},{\"@type\":\"WebSite\",\"@id\":\"https:\/\/lamandalerestaurant.com\/#website\",\"url\":\"https:\/\/lamandalerestaurant.com\/\",\"name\":\"Lamandalerestaurant.com\",\"description\":\"La Mandale restaurant \",\"publisher\":{\"@id\":\"https:\/\/lamandalerestaurant.com\/#organization\"},\"potentialAction\":[{\"@type\":\"SearchAction\",\"target\":{\"@type\":\"EntryPoint\",\"urlTemplate\":\"https:\/\/lamandalerestaurant.com\/?s={search_term_string}\"},\"query-input\":\"required name=search_term_string\"}],\"inLanguage\":\"fr-FR\"},{\"@type\":\"Organization\",\"@id\":\"https:\/\/lamandalerestaurant.com\/#organization\",\"name\":\"La Mandale restaurant\",\"url\":\"https:\/\/lamandalerestaurant.com\/\",\"logo\":{\"@type\":\"ImageObject\",\"inLanguage\":\"fr-FR\",\"@id\":\"https:\/\/lamandalerestaurant.com\/#\/schema\/logo\/image\/\",\"url\":\"https:\/\/lamandalerestaurant.com\/wp-content\/uploads\/2024\/04\/cropped-1.png\",\"contentUrl\":\"https:\/\/lamandalerestaurant.com\/wp-content\/uploads\/2024\/04\/cropped-1.png\",\"width\":512,\"height\":512,\"caption\":\"La Mandale restaurant\"},\"image\":{\"@id\":\"https:\/\/lamandalerestaurant.com\/#\/schema\/logo\/image\/\"},\"sameAs\":[\"https:\/\/www.facebook.com\/Lamandalerestaurant\/\",\"https:\/\/www.instagram.com\/lamandalerestaurant\/\"]}]}<\/script>\n<!-- \/ Yoast SEO plugin. -->","yoast_head_json":{"title":"Lexique des produits phares - La Mandale","description":"Vous trouverez ici le lexique des produits phares avec des produits d'influences asiatiques de notre restaurant La Mandale.","robots":{"index":"index","follow":"follow","max-snippet":"max-snippet:-1","max-image-preview":"max-image-preview:large","max-video-preview":"max-video-preview:-1"},"canonical":"https:\/\/lamandalerestaurant.com\/index.php\/lexique-des-produits-phares\/","og_locale":"fr_FR","og_type":"article","og_title":"Lexique des produits phares - La Mandale","og_description":"Vous trouverez ici le lexique des produits phares avec des produits d'influences asiatiques de notre restaurant La Mandale.","og_url":"https:\/\/lamandalerestaurant.com\/index.php\/lexique-des-produits-phares\/","og_site_name":"La Mandale","article_publisher":"https:\/\/www.facebook.com\/Lamandalerestaurant\/","article_modified_time":"2024-05-05T16:16:24+00:00","og_image":[{"width":1703,"height":2560,"url":"https:\/\/lamandalerestaurant.com\/wp-content\/uploads\/2024\/04\/Mandale-BD-41-c-Christophe-Bornet-scaled.jpeg","type":"image\/jpeg"}],"twitter_card":"summary_large_image","twitter_misc":{"Dur\u00e9e de lecture estim\u00e9e":"1 minute"},"schema":{"@context":"https:\/\/schema.org","@graph":[{"@type":"WebPage","@id":"https:\/\/lamandalerestaurant.com\/index.php\/lexique-des-produits-phares\/","url":"https:\/\/lamandalerestaurant.com\/index.php\/lexique-des-produits-phares\/","name":"Lexique des produits phares - La Mandale","isPartOf":{"@id":"https:\/\/lamandalerestaurant.com\/#website"},"primaryImageOfPage":{"@id":"https:\/\/lamandalerestaurant.com\/index.php\/lexique-des-produits-phares\/#primaryimage"},"image":{"@id":"https:\/\/lamandalerestaurant.com\/index.php\/lexique-des-produits-phares\/#primaryimage"},"thumbnailUrl":"https:\/\/lamandalerestaurant.com\/wp-content\/uploads\/2024\/04\/Mandale-BD-41-c-Christophe-Bornet-scaled.jpeg","datePublished":"2024-03-15T08:21:22+00:00","dateModified":"2024-05-05T16:16:24+00:00","description":"Vous trouverez ici le lexique des produits phares avec des produits d'influences asiatiques de notre restaurant La Mandale.","breadcrumb":{"@id":"https:\/\/lamandalerestaurant.com\/index.php\/lexique-des-produits-phares\/#breadcrumb"},"inLanguage":"fr-FR","potentialAction":[{"@type":"ReadAction","target":["https:\/\/lamandalerestaurant.com\/index.php\/lexique-des-produits-phares\/"]}]},{"@type":"ImageObject","inLanguage":"fr-FR","@id":"https:\/\/lamandalerestaurant.com\/index.php\/lexique-des-produits-phares\/#primaryimage","url":"https:\/\/lamandalerestaurant.com\/wp-content\/uploads\/2024\/04\/Mandale-BD-41-c-Christophe-Bornet-scaled.jpeg","contentUrl":"https:\/\/lamandalerestaurant.com\/wp-content\/uploads\/2024\/04\/Mandale-BD-41-c-Christophe-Bornet-scaled.jpeg","width":1703,"height":2560,"caption":"plat"},{"@type":"BreadcrumbList","@id":"https:\/\/lamandalerestaurant.com\/index.php\/lexique-des-produits-phares\/#breadcrumb","itemListElement":[{"@type":"ListItem","position":1,"name":"Accueil","item":"https:\/\/lamandalerestaurant.com\/"},{"@type":"ListItem","position":2,"name":"Lexique des produits phares"}]},{"@type":"WebSite","@id":"https:\/\/lamandalerestaurant.com\/#website","url":"https:\/\/lamandalerestaurant.com\/","name":"Lamandalerestaurant.com","description":"La Mandale restaurant ","publisher":{"@id":"https:\/\/lamandalerestaurant.com\/#organization"},"potentialAction":[{"@type":"SearchAction","target":{"@type":"EntryPoint","urlTemplate":"https:\/\/lamandalerestaurant.com\/?s={search_term_string}"},"query-input":"required name=search_term_string"}],"inLanguage":"fr-FR"},{"@type":"Organization","@id":"https:\/\/lamandalerestaurant.com\/#organization","name":"La Mandale restaurant","url":"https:\/\/lamandalerestaurant.com\/","logo":{"@type":"ImageObject","inLanguage":"fr-FR","@id":"https:\/\/lamandalerestaurant.com\/#\/schema\/logo\/image\/","url":"https:\/\/lamandalerestaurant.com\/wp-content\/uploads\/2024\/04\/cropped-1.png","contentUrl":"https:\/\/lamandalerestaurant.com\/wp-content\/uploads\/2024\/04\/cropped-1.png","width":512,"height":512,"caption":"La Mandale restaurant"},"image":{"@id":"https:\/\/lamandalerestaurant.com\/#\/schema\/logo\/image\/"},"sameAs":["https:\/\/www.facebook.com\/Lamandalerestaurant\/","https:\/\/www.instagram.com\/lamandalerestaurant\/"]}]}},"featured_media_urls":{"thumbnail":["https:\/\/lamandalerestaurant.com\/wp-content\/uploads\/2024\/04\/Mandale-BD-41-c-Christophe-Bornet-150x150.jpeg",150,150,true],"medium":["https:\/\/lamandalerestaurant.com\/wp-content\/uploads\/2024\/04\/Mandale-BD-41-c-Christophe-Bornet-200x300.jpeg",200,300,true],"medium_large":["https:\/\/lamandalerestaurant.com\/wp-content\/uploads\/2024\/04\/Mandale-BD-41-c-Christophe-Bornet-768x1154.jpeg",768,1154,true],"large":["https:\/\/lamandalerestaurant.com\/wp-content\/uploads\/2024\/04\/Mandale-BD-41-c-Christophe-Bornet-681x1024.jpeg",681,1024,true],"1536x1536":["https:\/\/lamandalerestaurant.com\/wp-content\/uploads\/2024\/04\/Mandale-BD-41-c-Christophe-Bornet-1022x1536.jpeg",1022,1536,true],"2048x2048":["https:\/\/lamandalerestaurant.com\/wp-content\/uploads\/2024\/04\/Mandale-BD-41-c-Christophe-Bornet-1363x2048.jpeg",1363,2048,true],"soulkitchen-uncropped":["https:\/\/lamandalerestaurant.com\/wp-content\/uploads\/2024\/04\/Mandale-BD-41-c-Christophe-Bornet-2308x3469.jpeg",2308,3469,true],"soulkitchen-uncropped-largex2":["https:\/\/lamandalerestaurant.com\/wp-content\/uploads\/2024\/04\/Mandale-BD-41-c-Christophe-Bornet-1600x2405.jpeg",1600,2405,true],"soulkitchen-uncropped-full":["https:\/\/lamandalerestaurant.com\/wp-content\/uploads\/2024\/04\/Mandale-BD-41-c-Christophe-Bornet-1200x1804.jpeg",1200,1804,true],"soulkitchen-uncropped-large":["https:\/\/lamandalerestaurant.com\/wp-content\/uploads\/2024\/04\/Mandale-BD-41-c-Christophe-Bornet-800x1202.jpeg",800,1202,true],"soulkitchen-uncropped-medium":["https:\/\/lamandalerestaurant.com\/wp-content\/uploads\/2024\/04\/Mandale-BD-41-c-Christophe-Bornet-560x842.jpeg",560,842,true],"soulkitchen-suare":["https:\/\/lamandalerestaurant.com\/wp-content\/uploads\/2024\/04\/Mandale-BD-41-c-Christophe-Bornet-2308x2308.jpeg",2308,2308,true],"soulkitchen-square-largex2":["https:\/\/lamandalerestaurant.com\/wp-content\/uploads\/2024\/04\/Mandale-BD-41-c-Christophe-Bornet-1600x1600.jpeg",1600,1600,true],"soulkitchen-square-full":["https:\/\/lamandalerestaurant.com\/wp-content\/uploads\/2024\/04\/Mandale-BD-41-c-Christophe-Bornet-1200x1200.jpeg",1200,1200,true],"soulkitchen-square-large":["https:\/\/lamandalerestaurant.com\/wp-content\/uploads\/2024\/04\/Mandale-BD-41-c-Christophe-Bornet-800x800.jpeg",800,800,true],"soulkitchen-square-medium":["https:\/\/lamandalerestaurant.com\/wp-content\/uploads\/2024\/04\/Mandale-BD-41-c-Christophe-Bornet-560x560.jpeg",560,560,true],"soulkitchen-square-small":["https:\/\/lamandalerestaurant.com\/wp-content\/uploads\/2024\/04\/Mandale-BD-41-c-Christophe-Bornet-250x250.jpeg",250,250,true],"soulkitchen-square-mini":["https:\/\/lamandalerestaurant.com\/wp-content\/uploads\/2024\/04\/Mandale-BD-41-c-Christophe-Bornet-120x120.jpeg",120,120,true],"soulkitchen-portrait-full":["https:\/\/lamandalerestaurant.com\/wp-content\/uploads\/2024\/04\/Mandale-BD-41-c-Christophe-Bornet-1200x1800.jpeg",1200,1800,true],"soulkitchen-portrait-large":["https:\/\/lamandalerestaurant.com\/wp-content\/uploads\/2024\/04\/Mandale-BD-41-c-Christophe-Bornet-800x1200.jpeg",800,1200,true],"soulkitchen-landscape":["https:\/\/lamandalerestaurant.com\/wp-content\/uploads\/2024\/04\/Mandale-BD-41-c-Christophe-Bornet-2308x1731.jpeg",2308,1731,true],"soulkitchen-landscape-largex2":["https:\/\/lamandalerestaurant.com\/wp-content\/uploads\/2024\/04\/Mandale-BD-41-c-Christophe-Bornet-1600x1200.jpeg",1600,1200,true],"soulkitchen-landscape-full":["https:\/\/lamandalerestaurant.com\/wp-content\/uploads\/2024\/04\/Mandale-BD-41-c-Christophe-Bornet-1200x900.jpeg",1200,900,true],"soulkitchen-landscape-large":["https:\/\/lamandalerestaurant.com\/wp-content\/uploads\/2024\/04\/Mandale-BD-41-c-Christophe-Bornet-800x600.jpeg",800,600,true],"soulkitchen-landscape-medium":["https:\/\/lamandalerestaurant.com\/wp-content\/uploads\/2024\/04\/Mandale-BD-41-c-Christophe-Bornet-560x420.jpeg",560,420,true],"soulkitchen-landscape-mini":["https:\/\/lamandalerestaurant.com\/wp-content\/uploads\/2024\/04\/Mandale-BD-41-c-Christophe-Bornet-120x90.jpeg",120,90,true],"soulkitchen-landscapenarrow":["https:\/\/lamandalerestaurant.com\/wp-content\/uploads\/2024\/04\/Mandale-BD-41-c-Christophe-Bornet-2308x1154.jpeg",2308,1154,true],"soulkitchen-landscapenarrow-largex2":["https:\/\/lamandalerestaurant.com\/wp-content\/uploads\/2024\/04\/Mandale-BD-41-c-Christophe-Bornet-1600x800.jpeg",1600,800,true],"soulkitchen-landscapenarrow-large":["https:\/\/lamandalerestaurant.com\/wp-content\/uploads\/2024\/04\/Mandale-BD-41-c-Christophe-Bornet-800x400.jpeg",800,400,true],"woocommerce_thumbnail":["https:\/\/lamandalerestaurant.com\/wp-content\/uploads\/2024\/04\/Mandale-BD-41-c-Christophe-Bornet-870x1308.jpeg",870,1308,true],"woocommerce_single":["https:\/\/lamandalerestaurant.com\/wp-content\/uploads\/2024\/04\/Mandale-BD-41-c-Christophe-Bornet-870x1308.jpeg",870,1308,true],"woocommerce_gallery_thumbnail":["https:\/\/lamandalerestaurant.com\/wp-content\/uploads\/2024\/04\/Mandale-BD-41-c-Christophe-Bornet-100x100.jpeg",100,100,true],"portfolio_item-thumbnail":["https:\/\/lamandalerestaurant.com\/wp-content\/uploads\/2024\/04\/Mandale-BD-41-c-Christophe-Bornet-scaled.jpeg",266,400,false],"portfolio_item-thumbnail@2x":["https:\/\/lamandalerestaurant.com\/wp-content\/uploads\/2024\/04\/Mandale-BD-41-c-Christophe-Bornet-scaled.jpeg",532,800,false],"portfolio_item-masonry":["https:\/\/lamandalerestaurant.com\/wp-content\/uploads\/2024\/04\/Mandale-BD-41-c-Christophe-Bornet-scaled.jpeg",600,902,false],"portfolio_item-masonry@2x":["https:\/\/lamandalerestaurant.com\/wp-content\/uploads\/2024\/04\/Mandale-BD-41-c-Christophe-Bornet-scaled.jpeg",1200,1804,false],"portfolio_item-thumbnail_cinema":["https:\/\/lamandalerestaurant.com\/wp-content\/uploads\/2024\/04\/Mandale-BD-41-c-Christophe-Bornet-scaled.jpeg",223,335,false],"portfolio_item-thumbnail_portrait":["https:\/\/lamandalerestaurant.com\/wp-content\/uploads\/2024\/04\/Mandale-BD-41-c-Christophe-Bornet-scaled.jpeg",600,900,false],"portfolio_item-thumbnail_portrait@2x":["https:\/\/lamandalerestaurant.com\/wp-content\/uploads\/2024\/04\/Mandale-BD-41-c-Christophe-Bornet-scaled.jpeg",1197,1800,false],"portfolio_item-thumbnail_square":["https:\/\/lamandalerestaurant.com\/wp-content\/uploads\/2024\/04\/Mandale-BD-41-c-Christophe-Bornet-scaled.jpeg",532,800,false]},"_links":{"self":[{"href":"https:\/\/lamandalerestaurant.com\/index.php\/wp-json\/wp\/v2\/pages\/26","targetHints":{"allow":["GET"]}}],"collection":[{"href":"https:\/\/lamandalerestaurant.com\/index.php\/wp-json\/wp\/v2\/pages"}],"about":[{"href":"https:\/\/lamandalerestaurant.com\/index.php\/wp-json\/wp\/v2\/types\/page"}],"author":[{"embeddable":true,"href":"https:\/\/lamandalerestaurant.com\/index.php\/wp-json\/wp\/v2\/users\/1"}],"replies":[{"embeddable":true,"href":"https:\/\/lamandalerestaurant.com\/index.php\/wp-json\/wp\/v2\/comments?post=26"}],"version-history":[{"count":7,"href":"https:\/\/lamandalerestaurant.com\/index.php\/wp-json\/wp\/v2\/pages\/26\/revisions"}],"predecessor-version":[{"id":13370,"href":"https:\/\/lamandalerestaurant.com\/index.php\/wp-json\/wp\/v2\/pages\/26\/revisions\/13370"}],"wp:featuredmedia":[{"embeddable":true,"href":"https:\/\/lamandalerestaurant.com\/index.php\/wp-json\/wp\/v2\/media\/14290"}],"wp:attachment":[{"href":"https:\/\/lamandalerestaurant.com\/index.php\/wp-json\/wp\/v2\/media?parent=26"}],"curies":[{"name":"wp","href":"https:\/\/api.w.org\/{rel}","templated":true}]}}