{"id":7051,"date":"2022-02-18T10:09:08","date_gmt":"2022-02-18T10:09:08","guid":{"rendered":"http:\/\/redhost:8888\/umami4\/?page_id=7051"},"modified":"2024-04-12T10:31:00","modified_gmt":"2024-04-12T08:31:00","slug":"bon-cadeau-lamandale-nantes","status":"publish","type":"page","link":"https:\/\/lamandalerestaurant.com\/index.php\/bon-cadeau-lamandale-nantes\/","title":{"rendered":"Notre bon cadeau"},"content":{"rendered":"\n\t<section id=\"contentboxes-mb-block-5b5b822f-3859-4339-bdca-2037cfcc529e\" class=\"section section-contentboxes  alignfull \">\n\n\t\t<div class=\"contentboxes-wrap none\"  >\n\t\t\t\t\t<div class=\"contentboxes-masonry \">\n\n\t\t\t\t<div class=\"grid-sizer-contentboxes\"><\/div>\n\n\t\t\t\t\n\t\t\t\t<div class=\"content-box-13131 contentboxes-image-wrap bg-image half-width square mobile-uncropped   content-dark no-vertical-text no-content cb-mobile-content-leave cb-mobile-content-vertical-leave    \"  data-aos=\"fade-up\" data-aos-delay=\"100\"   style=\"order:2\"  >\n\n\t\t\t\t\t<div class=\"contentboxes-image-wrap-inner\">\n\n\t\t\t\t\t\n\t\t\t\t\t\t<div class=\"contentboxes-zoom-wrap \">\n\t\t\t\t\t\t\n\t\t\t\t\t\t\t\t\t\t\t\t\t<div class=\"contentboxbgimage\" style=\"background-image: url(https:\/\/lamandalerestaurant.com\/wp-content\/uploads\/2024\/03\/IMG_4209.jpeg);\"><\/div> \n\t\t\t\t\t\t\t\t\t\t\t\t<div class=\"contentbox-overlay   gradient-contentboxes-content-middle\" >\n\t\t\t\t\t\t\n\t\t\t\t\t\t\t<div class=\"contentboxes-content-wrap centered-content contentboxes-content-left contentboxes-content-middle\"  >\n\n\t\t\t\t\t\t\t\t\n\t\t\t\t\t\t\t\t\t\t\t\t\t\t<\/div>\n\t\t\t\t\t\t\t\t\t\t\t\t\t\n\t\t\t\t\t\t<\/div>\n\t\t\t\t\t<\/div>\n\t\t\t\t\t<\/div>\n\n\t\t\t\t\t\t   \t \n\t\t\t\t<\/div>\n\t\t\t\t\t\n\t\t\t\n\t\t\t\t<div class=\"content-box- contentboxes-image-wrap bg-color half-width square mobile-uncropped   content-white has-vertical-text has-content cb-mobile-content-center cb-mobile-content-vertical-leave    \"  data-aos=\"fade-up\" data-aos-delay=\"200\"   style=\"order:1\"  >\n\n\t\t\t\t\t<div class=\"contentboxes-image-wrap-inner\">\n\n\t\t\t\t\t\n\t\t\t\t\t\t<div class=\"contentboxes-zoom-wrap \">\n\t\t\t\t\t\t\n\t\t\t\t\t\t\n\t\t\t\t\t\t\n\t\t\t\t\t\t\t<div class=\"contentboxes-content-wrap centered-content  contentboxes-content-middle\"  style=\"background-color: #091475\"  >\n\n\t\t\t\t\t\t\t\t\t\t\t\t\t\t\t\t<div class=\"contentboxes-content section-content\">\n\t\t\t\t\t\t\t\t\t\t\t\t\t\t\t\t\t\t\t<span class=\"contentboxes-vertical vertical-text use-body-font\">La Mandale<\/span>\n\t\t\t\t\t\t\t\t\t\t\t\t\t\t\t\t\t\t\t\t\t\t\t\t\t\t\t\t\t\t\t\t\t\t                \t<h3  class=\"contentboxes-content-item contentboxes-title\"  data-aos=\"slide-up\"  >D\u00e9couvrez notre bon cadeau <\/h3>\n\t\t\t\t\t\t\t                \t\t\t\t\t\t\t                \t\t\t\t\t\t\t                \t\t\t\t\t\t\t                \t<div class=\"contentboxes-content-item contentboxes-text\"  data-aos=\"fade-right\" data-aos-delay=\"340\"  >Afin de faire d\u00e9couvrir le restaurant \u00e0 vos proches, rien de plus simple : le bon cadeau. C&rsquo;est un syst\u00e8me tr\u00e8s facile \u00e0 utiliser qui consiste \u00e0 retirer\/payer ce bon au montant choisi directement au restaurant lors des jours et heures d&rsquo;ouverture. Faites plaisir \u00e0 vos papilles !  <\/div>\n\t\t\t\t\t\t\t                \t\t\t\t\t\t\t                \t\t\t\t\t\t        \t<\/div>\n\t\t\t\t\t\t        \t\n\t\t\t\t\t\t\t\t\t\t\t\t\t\n\t\t\t\t\t\t<\/div>\n\t\t\t\t\t<\/div>\n\t\t\t\t\t<\/div>\n\n\t\t\t\t\t\t   \t \n\t\t\t\t<\/div>\n\t\t\t\t\t\n\t\t\t\t\t\t<\/div>\n\t\t\t\t<\/div>\n\n\t<\/section> \n\n\n\n\n<div style=\"height:100px\" aria-hidden=\"true\" class=\"wp-block-spacer\"><\/div>\n","protected":false},"excerpt":{"rendered":"","protected":false},"author":1,"featured_media":13131,"parent":0,"menu_order":45,"comment_status":"closed","ping_status":"closed","template":"","meta":{"om_disable_all_campaigns":false,"_monsterinsights_skip_tracking":false,"_monsterinsights_sitenote_active":false,"_monsterinsights_sitenote_note":"","_monsterinsights_sitenote_category":0,"footnotes":""},"class_list":["post-7051","page","type-page","status-publish","has-post-thumbnail","hentry"],"yoast_head":"<!-- This site is optimized with the Yoast SEO plugin v22.4 - https:\/\/yoast.com\/wordpress\/plugins\/seo\/ -->\n<title>Notre bon cadeau - La Mandale Nantes<\/title>\n<meta name=\"description\" content=\"Notre bon cadeau pour faire d\u00e9couvrir le restaurant la Mandale \u00e0 Nantes et profiter de nouveaux avantages lors de vos prochaines exp\u00e9riences.\" \/>\n<meta name=\"robots\" content=\"index, follow, max-snippet:-1, max-image-preview:large, max-video-preview:-1\" \/>\n<link rel=\"canonical\" href=\"https:\/\/lamandalerestaurant.com\/index.php\/bon-cadeau-lamandale-nantes\/\" \/>\n<meta property=\"og:locale\" content=\"fr_FR\" \/>\n<meta property=\"og:type\" content=\"article\" \/>\n<meta property=\"og:title\" content=\"Notre bon cadeau - La Mandale Nantes\" \/>\n<meta property=\"og:description\" content=\"Notre bon cadeau pour faire d\u00e9couvrir le restaurant la Mandale \u00e0 Nantes et profiter de nouveaux avantages lors de vos prochaines exp\u00e9riences.\" \/>\n<meta property=\"og:url\" content=\"https:\/\/lamandalerestaurant.com\/index.php\/bon-cadeau-lamandale-nantes\/\" \/>\n<meta property=\"og:site_name\" content=\"La Mandale\" \/>\n<meta property=\"article:publisher\" content=\"https:\/\/www.facebook.com\/Lamandalerestaurant\/\" \/>\n<meta property=\"article:modified_time\" content=\"2024-04-12T08:31:00+00:00\" \/>\n<meta property=\"og:image\" content=\"https:\/\/lamandalerestaurant.com\/wp-content\/uploads\/2024\/03\/IMG_4209.jpeg\" \/>\n\t<meta property=\"og:image:width\" content=\"1125\" \/>\n\t<meta property=\"og:image:height\" content=\"1109\" \/>\n\t<meta property=\"og:image:type\" content=\"image\/jpeg\" \/>\n<meta name=\"twitter:card\" content=\"summary_large_image\" \/>\n<meta name=\"twitter:label1\" content=\"Dur\u00e9e de lecture estim\u00e9e\" \/>\n\t<meta name=\"twitter:data1\" content=\"1 minute\" \/>\n<script type=\"application\/ld+json\" class=\"yoast-schema-graph\">{\"@context\":\"https:\/\/schema.org\",\"@graph\":[{\"@type\":\"WebPage\",\"@id\":\"https:\/\/lamandalerestaurant.com\/index.php\/bon-cadeau-lamandale-nantes\/\",\"url\":\"https:\/\/lamandalerestaurant.com\/index.php\/bon-cadeau-lamandale-nantes\/\",\"name\":\"Notre bon cadeau - La Mandale Nantes\",\"isPartOf\":{\"@id\":\"https:\/\/lamandalerestaurant.com\/#website\"},\"primaryImageOfPage\":{\"@id\":\"https:\/\/lamandalerestaurant.com\/index.php\/bon-cadeau-lamandale-nantes\/#primaryimage\"},\"image\":{\"@id\":\"https:\/\/lamandalerestaurant.com\/index.php\/bon-cadeau-lamandale-nantes\/#primaryimage\"},\"thumbnailUrl\":\"https:\/\/lamandalerestaurant.com\/wp-content\/uploads\/2024\/03\/IMG_4209.jpeg\",\"datePublished\":\"2022-02-18T10:09:08+00:00\",\"dateModified\":\"2024-04-12T08:31:00+00:00\",\"description\":\"Notre bon cadeau pour faire d\u00e9couvrir le restaurant la Mandale \u00e0 Nantes et profiter de nouveaux avantages lors de vos prochaines exp\u00e9riences.\",\"breadcrumb\":{\"@id\":\"https:\/\/lamandalerestaurant.com\/index.php\/bon-cadeau-lamandale-nantes\/#breadcrumb\"},\"inLanguage\":\"fr-FR\",\"potentialAction\":[{\"@type\":\"ReadAction\",\"target\":[\"https:\/\/lamandalerestaurant.com\/index.php\/bon-cadeau-lamandale-nantes\/\"]}]},{\"@type\":\"ImageObject\",\"inLanguage\":\"fr-FR\",\"@id\":\"https:\/\/lamandalerestaurant.com\/index.php\/bon-cadeau-lamandale-nantes\/#primaryimage\",\"url\":\"https:\/\/lamandalerestaurant.com\/wp-content\/uploads\/2024\/03\/IMG_4209.jpeg\",\"contentUrl\":\"https:\/\/lamandalerestaurant.com\/wp-content\/uploads\/2024\/03\/IMG_4209.jpeg\",\"width\":1125,\"height\":1109},{\"@type\":\"BreadcrumbList\",\"@id\":\"https:\/\/lamandalerestaurant.com\/index.php\/bon-cadeau-lamandale-nantes\/#breadcrumb\",\"itemListElement\":[{\"@type\":\"ListItem\",\"position\":1,\"name\":\"Accueil\",\"item\":\"https:\/\/lamandalerestaurant.com\/\"},{\"@type\":\"ListItem\",\"position\":2,\"name\":\"Notre bon cadeau\"}]},{\"@type\":\"WebSite\",\"@id\":\"https:\/\/lamandalerestaurant.com\/#website\",\"url\":\"https:\/\/lamandalerestaurant.com\/\",\"name\":\"Lamandalerestaurant.com\",\"description\":\"La Mandale restaurant \",\"publisher\":{\"@id\":\"https:\/\/lamandalerestaurant.com\/#organization\"},\"potentialAction\":[{\"@type\":\"SearchAction\",\"target\":{\"@type\":\"EntryPoint\",\"urlTemplate\":\"https:\/\/lamandalerestaurant.com\/?s={search_term_string}\"},\"query-input\":\"required name=search_term_string\"}],\"inLanguage\":\"fr-FR\"},{\"@type\":\"Organization\",\"@id\":\"https:\/\/lamandalerestaurant.com\/#organization\",\"name\":\"La Mandale restaurant\",\"url\":\"https:\/\/lamandalerestaurant.com\/\",\"logo\":{\"@type\":\"ImageObject\",\"inLanguage\":\"fr-FR\",\"@id\":\"https:\/\/lamandalerestaurant.com\/#\/schema\/logo\/image\/\",\"url\":\"https:\/\/lamandalerestaurant.com\/wp-content\/uploads\/2024\/04\/cropped-1.png\",\"contentUrl\":\"https:\/\/lamandalerestaurant.com\/wp-content\/uploads\/2024\/04\/cropped-1.png\",\"width\":512,\"height\":512,\"caption\":\"La Mandale restaurant\"},\"image\":{\"@id\":\"https:\/\/lamandalerestaurant.com\/#\/schema\/logo\/image\/\"},\"sameAs\":[\"https:\/\/www.facebook.com\/Lamandalerestaurant\/\",\"https:\/\/www.instagram.com\/lamandalerestaurant\/\"]}]}<\/script>\n<!-- \/ Yoast SEO plugin. -->","yoast_head_json":{"title":"Notre bon cadeau - La Mandale Nantes","description":"Notre bon cadeau pour faire d\u00e9couvrir le restaurant la Mandale \u00e0 Nantes et profiter de nouveaux avantages lors de vos prochaines exp\u00e9riences.","robots":{"index":"index","follow":"follow","max-snippet":"max-snippet:-1","max-image-preview":"max-image-preview:large","max-video-preview":"max-video-preview:-1"},"canonical":"https:\/\/lamandalerestaurant.com\/index.php\/bon-cadeau-lamandale-nantes\/","og_locale":"fr_FR","og_type":"article","og_title":"Notre bon cadeau - La Mandale Nantes","og_description":"Notre bon cadeau pour faire d\u00e9couvrir le restaurant la Mandale \u00e0 Nantes et profiter de nouveaux avantages lors de vos prochaines exp\u00e9riences.","og_url":"https:\/\/lamandalerestaurant.com\/index.php\/bon-cadeau-lamandale-nantes\/","og_site_name":"La Mandale","article_publisher":"https:\/\/www.facebook.com\/Lamandalerestaurant\/","article_modified_time":"2024-04-12T08:31:00+00:00","og_image":[{"width":1125,"height":1109,"url":"https:\/\/lamandalerestaurant.com\/wp-content\/uploads\/2024\/03\/IMG_4209.jpeg","type":"image\/jpeg"}],"twitter_card":"summary_large_image","twitter_misc":{"Dur\u00e9e de lecture estim\u00e9e":"1 minute"},"schema":{"@context":"https:\/\/schema.org","@graph":[{"@type":"WebPage","@id":"https:\/\/lamandalerestaurant.com\/index.php\/bon-cadeau-lamandale-nantes\/","url":"https:\/\/lamandalerestaurant.com\/index.php\/bon-cadeau-lamandale-nantes\/","name":"Notre bon cadeau - La Mandale Nantes","isPartOf":{"@id":"https:\/\/lamandalerestaurant.com\/#website"},"primaryImageOfPage":{"@id":"https:\/\/lamandalerestaurant.com\/index.php\/bon-cadeau-lamandale-nantes\/#primaryimage"},"image":{"@id":"https:\/\/lamandalerestaurant.com\/index.php\/bon-cadeau-lamandale-nantes\/#primaryimage"},"thumbnailUrl":"https:\/\/lamandalerestaurant.com\/wp-content\/uploads\/2024\/03\/IMG_4209.jpeg","datePublished":"2022-02-18T10:09:08+00:00","dateModified":"2024-04-12T08:31:00+00:00","description":"Notre bon cadeau pour faire d\u00e9couvrir le restaurant la Mandale \u00e0 Nantes et profiter de nouveaux avantages lors de vos prochaines exp\u00e9riences.","breadcrumb":{"@id":"https:\/\/lamandalerestaurant.com\/index.php\/bon-cadeau-lamandale-nantes\/#breadcrumb"},"inLanguage":"fr-FR","potentialAction":[{"@type":"ReadAction","target":["https:\/\/lamandalerestaurant.com\/index.php\/bon-cadeau-lamandale-nantes\/"]}]},{"@type":"ImageObject","inLanguage":"fr-FR","@id":"https:\/\/lamandalerestaurant.com\/index.php\/bon-cadeau-lamandale-nantes\/#primaryimage","url":"https:\/\/lamandalerestaurant.com\/wp-content\/uploads\/2024\/03\/IMG_4209.jpeg","contentUrl":"https:\/\/lamandalerestaurant.com\/wp-content\/uploads\/2024\/03\/IMG_4209.jpeg","width":1125,"height":1109},{"@type":"BreadcrumbList","@id":"https:\/\/lamandalerestaurant.com\/index.php\/bon-cadeau-lamandale-nantes\/#breadcrumb","itemListElement":[{"@type":"ListItem","position":1,"name":"Accueil","item":"https:\/\/lamandalerestaurant.com\/"},{"@type":"ListItem","position":2,"name":"Notre bon cadeau"}]},{"@type":"WebSite","@id":"https:\/\/lamandalerestaurant.com\/#website","url":"https:\/\/lamandalerestaurant.com\/","name":"Lamandalerestaurant.com","description":"La Mandale restaurant ","publisher":{"@id":"https:\/\/lamandalerestaurant.com\/#organization"},"potentialAction":[{"@type":"SearchAction","target":{"@type":"EntryPoint","urlTemplate":"https:\/\/lamandalerestaurant.com\/?s={search_term_string}"},"query-input":"required name=search_term_string"}],"inLanguage":"fr-FR"},{"@type":"Organization","@id":"https:\/\/lamandalerestaurant.com\/#organization","name":"La Mandale restaurant","url":"https:\/\/lamandalerestaurant.com\/","logo":{"@type":"ImageObject","inLanguage":"fr-FR","@id":"https:\/\/lamandalerestaurant.com\/#\/schema\/logo\/image\/","url":"https:\/\/lamandalerestaurant.com\/wp-content\/uploads\/2024\/04\/cropped-1.png","contentUrl":"https:\/\/lamandalerestaurant.com\/wp-content\/uploads\/2024\/04\/cropped-1.png","width":512,"height":512,"caption":"La Mandale restaurant"},"image":{"@id":"https:\/\/lamandalerestaurant.com\/#\/schema\/logo\/image\/"},"sameAs":["https:\/\/www.facebook.com\/Lamandalerestaurant\/","https:\/\/www.instagram.com\/lamandalerestaurant\/"]}]}},"featured_media_urls":{"thumbnail":["https:\/\/lamandalerestaurant.com\/wp-content\/uploads\/2024\/03\/IMG_4209-150x150.jpeg",150,150,true],"medium":["https:\/\/lamandalerestaurant.com\/wp-content\/uploads\/2024\/03\/IMG_4209-300x296.jpeg",300,296,true],"medium_large":["https:\/\/lamandalerestaurant.com\/wp-content\/uploads\/2024\/03\/IMG_4209-768x757.jpeg",768,757,true],"large":["https:\/\/lamandalerestaurant.com\/wp-content\/uploads\/2024\/03\/IMG_4209-1024x1009.jpeg",1024,1009,true],"1536x1536":["https:\/\/lamandalerestaurant.com\/wp-content\/uploads\/2024\/03\/IMG_4209.jpeg",1125,1109,false],"2048x2048":["https:\/\/lamandalerestaurant.com\/wp-content\/uploads\/2024\/03\/IMG_4209.jpeg",1125,1109,false],"soulkitchen-uncropped":["https:\/\/lamandalerestaurant.com\/wp-content\/uploads\/2024\/03\/IMG_4209.jpeg",1125,1109,false],"soulkitchen-uncropped-largex2":["https:\/\/lamandalerestaurant.com\/wp-content\/uploads\/2024\/03\/IMG_4209.jpeg",1125,1109,false],"soulkitchen-uncropped-full":["https:\/\/lamandalerestaurant.com\/wp-content\/uploads\/2024\/03\/IMG_4209.jpeg",1125,1109,false],"soulkitchen-uncropped-large":["https:\/\/lamandalerestaurant.com\/wp-content\/uploads\/2024\/03\/IMG_4209-800x789.jpeg",800,789,true],"soulkitchen-uncropped-medium":["https:\/\/lamandalerestaurant.com\/wp-content\/uploads\/2024\/03\/IMG_4209-560x552.jpeg",560,552,true],"soulkitchen-suare":["https:\/\/lamandalerestaurant.com\/wp-content\/uploads\/2024\/03\/IMG_4209.jpeg",1125,1109,false],"soulkitchen-square-largex2":["https:\/\/lamandalerestaurant.com\/wp-content\/uploads\/2024\/03\/IMG_4209.jpeg",1125,1109,false],"soulkitchen-square-full":["https:\/\/lamandalerestaurant.com\/wp-content\/uploads\/2024\/03\/IMG_4209.jpeg",1125,1109,false],"soulkitchen-square-large":["https:\/\/lamandalerestaurant.com\/wp-content\/uploads\/2024\/03\/IMG_4209-800x800.jpeg",800,800,true],"soulkitchen-square-medium":["https:\/\/lamandalerestaurant.com\/wp-content\/uploads\/2024\/03\/IMG_4209-560x560.jpeg",560,560,true],"soulkitchen-square-small":["https:\/\/lamandalerestaurant.com\/wp-content\/uploads\/2024\/03\/IMG_4209-250x250.jpeg",250,250,true],"soulkitchen-square-mini":["https:\/\/lamandalerestaurant.com\/wp-content\/uploads\/2024\/03\/IMG_4209-120x120.jpeg",120,120,true],"soulkitchen-portrait-full":["https:\/\/lamandalerestaurant.com\/wp-content\/uploads\/2024\/03\/IMG_4209.jpeg",1125,1109,false],"soulkitchen-portrait-large":["https:\/\/lamandalerestaurant.com\/wp-content\/uploads\/2024\/03\/IMG_4209-800x1109.jpeg",800,1109,true],"soulkitchen-landscape":["https:\/\/lamandalerestaurant.com\/wp-content\/uploads\/2024\/03\/IMG_4209.jpeg",1125,1109,false],"soulkitchen-landscape-largex2":["https:\/\/lamandalerestaurant.com\/wp-content\/uploads\/2024\/03\/IMG_4209.jpeg",1125,1109,false],"soulkitchen-landscape-full":["https:\/\/lamandalerestaurant.com\/wp-content\/uploads\/2024\/03\/IMG_4209-1125x900.jpeg",1125,900,true],"soulkitchen-landscape-large":["https:\/\/lamandalerestaurant.com\/wp-content\/uploads\/2024\/03\/IMG_4209-800x600.jpeg",800,600,true],"soulkitchen-landscape-medium":["https:\/\/lamandalerestaurant.com\/wp-content\/uploads\/2024\/03\/IMG_4209-560x420.jpeg",560,420,true],"soulkitchen-landscape-mini":["https:\/\/lamandalerestaurant.com\/wp-content\/uploads\/2024\/03\/IMG_4209-120x90.jpeg",120,90,true],"soulkitchen-landscapenarrow":["https:\/\/lamandalerestaurant.com\/wp-content\/uploads\/2024\/03\/IMG_4209.jpeg",1125,1109,false],"soulkitchen-landscapenarrow-largex2":["https:\/\/lamandalerestaurant.com\/wp-content\/uploads\/2024\/03\/IMG_4209-1125x800.jpeg",1125,800,true],"soulkitchen-landscapenarrow-large":["https:\/\/lamandalerestaurant.com\/wp-content\/uploads\/2024\/03\/IMG_4209-800x400.jpeg",800,400,true],"woocommerce_thumbnail":["https:\/\/lamandalerestaurant.com\/wp-content\/uploads\/2024\/03\/IMG_4209-870x858.jpeg",870,858,true],"woocommerce_single":["https:\/\/lamandalerestaurant.com\/wp-content\/uploads\/2024\/03\/IMG_4209-870x858.jpeg",870,858,true],"woocommerce_gallery_thumbnail":["https:\/\/lamandalerestaurant.com\/wp-content\/uploads\/2024\/03\/IMG_4209-100x100.jpeg",100,100,true],"portfolio_item-thumbnail":["https:\/\/lamandalerestaurant.com\/wp-content\/uploads\/2024\/03\/IMG_4209.jpeg",406,400,false],"portfolio_item-thumbnail@2x":["https:\/\/lamandalerestaurant.com\/wp-content\/uploads\/2024\/03\/IMG_4209.jpeg",812,800,false],"portfolio_item-masonry":["https:\/\/lamandalerestaurant.com\/wp-content\/uploads\/2024\/03\/IMG_4209.jpeg",600,591,false],"portfolio_item-masonry@2x":["https:\/\/lamandalerestaurant.com\/wp-content\/uploads\/2024\/03\/IMG_4209.jpeg",1125,1109,false],"portfolio_item-thumbnail_cinema":["https:\/\/lamandalerestaurant.com\/wp-content\/uploads\/2024\/03\/IMG_4209.jpeg",340,335,false],"portfolio_item-thumbnail_portrait":["https:\/\/lamandalerestaurant.com\/wp-content\/uploads\/2024\/03\/IMG_4209.jpeg",600,591,false],"portfolio_item-thumbnail_portrait@2x":["https:\/\/lamandalerestaurant.com\/wp-content\/uploads\/2024\/03\/IMG_4209.jpeg",1125,1109,false],"portfolio_item-thumbnail_square":["https:\/\/lamandalerestaurant.com\/wp-content\/uploads\/2024\/03\/IMG_4209.jpeg",800,789,false]},"_links":{"self":[{"href":"https:\/\/lamandalerestaurant.com\/index.php\/wp-json\/wp\/v2\/pages\/7051","targetHints":{"allow":["GET"]}}],"collection":[{"href":"https:\/\/lamandalerestaurant.com\/index.php\/wp-json\/wp\/v2\/pages"}],"about":[{"href":"https:\/\/lamandalerestaurant.com\/index.php\/wp-json\/wp\/v2\/types\/page"}],"author":[{"embeddable":true,"href":"https:\/\/lamandalerestaurant.com\/index.php\/wp-json\/wp\/v2\/users\/1"}],"replies":[{"embeddable":true,"href":"https:\/\/lamandalerestaurant.com\/index.php\/wp-json\/wp\/v2\/comments?post=7051"}],"version-history":[{"count":12,"href":"https:\/\/lamandalerestaurant.com\/index.php\/wp-json\/wp\/v2\/pages\/7051\/revisions"}],"predecessor-version":[{"id":14193,"href":"https:\/\/lamandalerestaurant.com\/index.php\/wp-json\/wp\/v2\/pages\/7051\/revisions\/14193"}],"wp:featuredmedia":[{"embeddable":true,"href":"https:\/\/lamandalerestaurant.com\/index.php\/wp-json\/wp\/v2\/media\/13131"}],"wp:attachment":[{"href":"https:\/\/lamandalerestaurant.com\/index.php\/wp-json\/wp\/v2\/media?parent=7051"}],"curies":[{"name":"wp","href":"https:\/\/api.w.org\/{rel}","templated":true}]}}