{"id":752,"date":"2020-05-24T09:23:05","date_gmt":"2020-05-24T09:23:05","guid":{"rendered":"http:\/\/redhost:8888\/soulkitchen\/?page_id=752"},"modified":"2026-03-03T10:17:35","modified_gmt":"2026-03-03T09:17:35","slug":"carte-du-restaurant-la-mandale","status":"publish","type":"page","link":"https:\/\/lamandalerestaurant.com\/index.php\/carte-du-restaurant-la-mandale\/","title":{"rendered":"Cartes des plats du midi et du soir"},"content":{"rendered":"\n<p class=\"has-text-align-center\" style=\"font-size:15px\">Vous trouverez ci-dessous un exemple du Menu Midi &amp; Menu Soir.<\/p>\n\n\n\n<p>Les menus sont mis \u00e0 jour sur notre compte Instagram ( <a href=\"https:\/\/www.instagram.com\/stories\/highlights\/18065959330957275\/?hl=fr\">https:\/\/www.instagram.com\/stories\/highlights\/17941173167374619\/<\/a> )<\/p>\n\n\n\n<p class=\"has-text-align-center\" style=\"font-size:15px\">Nous avons d\u00e9cid\u00e9 de renouveler les cartes hebdomadairement afin de diversifier les plats propos\u00e9s, suivre la saisonnalit\u00e9 tout en laissant cours \u00e0 notre cr\u00e9ativit\u00e9 culinaire.<\/p>\n\n\n\n<p><\/p>\n\n\n\n<h2 class=\"wp-block-heading has-text-align-center has-black-color has-white-background-color has-text-color has-background has-link-color has-large-font-size wp-elements-ae2d19e0e475d242a9a085bb54093069\" style=\"text-decoration:underline\">Exemple de MENU MIDI<\/h2>\n\n\n<div class=\"wp-block-image\">\n<figure class=\"aligncenter size-large is-resized\"><img loading=\"lazy\" decoding=\"async\" width=\"576\" height=\"1024\" src=\"https:\/\/lamandalerestaurant.com\/wp-content\/uploads\/2024\/06\/B68FB033-9ECE-466D-94A5-C5BCEC0C6833-576x1024.jpg\" alt=\"\" class=\"wp-image-14539\" style=\"width:562px;height:auto\" srcset=\"https:\/\/lamandalerestaurant.com\/wp-content\/uploads\/2024\/06\/B68FB033-9ECE-466D-94A5-C5BCEC0C6833-576x1024.jpg 576w, https:\/\/lamandalerestaurant.com\/wp-content\/uploads\/2024\/06\/B68FB033-9ECE-466D-94A5-C5BCEC0C6833-169x300.jpg 169w, https:\/\/lamandalerestaurant.com\/wp-content\/uploads\/2024\/06\/B68FB033-9ECE-466D-94A5-C5BCEC0C6833-768x1365.jpg 768w, https:\/\/lamandalerestaurant.com\/wp-content\/uploads\/2024\/06\/B68FB033-9ECE-466D-94A5-C5BCEC0C6833-864x1536.jpg 864w, https:\/\/lamandalerestaurant.com\/wp-content\/uploads\/2024\/06\/B68FB033-9ECE-466D-94A5-C5BCEC0C6833-1152x2048.jpg 1152w, https:\/\/lamandalerestaurant.com\/wp-content\/uploads\/2024\/06\/B68FB033-9ECE-466D-94A5-C5BCEC0C6833-800x1422.jpg 800w, https:\/\/lamandalerestaurant.com\/wp-content\/uploads\/2024\/06\/B68FB033-9ECE-466D-94A5-C5BCEC0C6833-560x996.jpg 560w, https:\/\/lamandalerestaurant.com\/wp-content\/uploads\/2024\/06\/B68FB033-9ECE-466D-94A5-C5BCEC0C6833-870x1547.jpg 870w, https:\/\/lamandalerestaurant.com\/wp-content\/uploads\/2024\/06\/B68FB033-9ECE-466D-94A5-C5BCEC0C6833.jpg 1179w\" sizes=\"auto, (max-width: 576px) 100vw, 576px\" \/><\/figure>\n<\/div>\n\n\n<h2 class=\"wp-block-heading has-text-align-center has-black-color has-white-background-color has-text-color has-background has-link-color has-large-font-size wp-elements-b2144484ae39e0eaee6b94ee17f9fce6\" style=\"text-decoration:underline\">Exemple de MENU SOIR<\/h2>\n\n\n<div class=\"wp-block-image is-style-default\">\n<figure class=\"aligncenter size-full is-resized\"><img loading=\"lazy\" decoding=\"async\" width=\"1179\" height=\"2096\" src=\"https:\/\/lamandalerestaurant.com\/wp-content\/uploads\/2024\/06\/D5152871-853E-42B7-BC2E-F9BB61F44FB2.jpg\" alt=\"\" class=\"wp-image-14541\" style=\"width:566px;height:auto\" srcset=\"https:\/\/lamandalerestaurant.com\/wp-content\/uploads\/2024\/06\/D5152871-853E-42B7-BC2E-F9BB61F44FB2.jpg 1179w, https:\/\/lamandalerestaurant.com\/wp-content\/uploads\/2024\/06\/D5152871-853E-42B7-BC2E-F9BB61F44FB2-169x300.jpg 169w, https:\/\/lamandalerestaurant.com\/wp-content\/uploads\/2024\/06\/D5152871-853E-42B7-BC2E-F9BB61F44FB2-576x1024.jpg 576w, https:\/\/lamandalerestaurant.com\/wp-content\/uploads\/2024\/06\/D5152871-853E-42B7-BC2E-F9BB61F44FB2-768x1365.jpg 768w, https:\/\/lamandalerestaurant.com\/wp-content\/uploads\/2024\/06\/D5152871-853E-42B7-BC2E-F9BB61F44FB2-864x1536.jpg 864w, https:\/\/lamandalerestaurant.com\/wp-content\/uploads\/2024\/06\/D5152871-853E-42B7-BC2E-F9BB61F44FB2-1152x2048.jpg 1152w, https:\/\/lamandalerestaurant.com\/wp-content\/uploads\/2024\/06\/D5152871-853E-42B7-BC2E-F9BB61F44FB2-800x1422.jpg 800w, https:\/\/lamandalerestaurant.com\/wp-content\/uploads\/2024\/06\/D5152871-853E-42B7-BC2E-F9BB61F44FB2-560x996.jpg 560w, https:\/\/lamandalerestaurant.com\/wp-content\/uploads\/2024\/06\/D5152871-853E-42B7-BC2E-F9BB61F44FB2-870x1547.jpg 870w, https:\/\/lamandalerestaurant.com\/wp-content\/uploads\/2024\/06\/D5152871-853E-42B7-BC2E-F9BB61F44FB2-600x1067.jpg 600w\" sizes=\"auto, (max-width: 1179px) 100vw, 1179px\" \/><\/figure>\n<\/div>\n\n\n<p class=\"has-text-align-center narrow has-medium-font-size\"><\/p>\n\n\n\n<p class=\"has-text-align-center narrow has-medium-font-size\"><\/p>\n\n\n\n<p class=\"has-text-align-center narrow\"><\/p>\n\n\n\n<div style=\"height:24px\" aria-hidden=\"true\" class=\"wp-block-spacer\"><\/div>\n","protected":false},"excerpt":{"rendered":"Vous trouverez ci-dessous un exemple du Menu Midi &amp; Menu Soir. Les","protected":false},"author":1,"featured_media":0,"parent":0,"menu_order":30,"comment_status":"closed","ping_status":"closed","template":"","meta":{"om_disable_all_campaigns":false,"_monsterinsights_skip_tracking":false,"_monsterinsights_sitenote_active":false,"_monsterinsights_sitenote_note":"","_monsterinsights_sitenote_category":0,"footnotes":""},"class_list":["post-752","page","type-page","status-publish","hentry"],"yoast_head":"<!-- This site is optimized with the Yoast SEO plugin v22.4 - https:\/\/yoast.com\/wordpress\/plugins\/seo\/ -->\n<title>carte du restaurant - La Mandale Nantes<\/title>\n<meta name=\"description\" content=\"La carte du restaurant la Mandale \u00e0 Nantes offre une s\u00e9lection exquise de plats cr\u00e9atifs et de saison con\u00e7us pour plaire au grand public.\" \/>\n<meta name=\"robots\" content=\"index, follow, max-snippet:-1, max-image-preview:large, max-video-preview:-1\" \/>\n<link rel=\"canonical\" href=\"https:\/\/lamandalerestaurant.com\/index.php\/carte-du-restaurant-la-mandale\/\" \/>\n<meta property=\"og:locale\" content=\"fr_FR\" \/>\n<meta property=\"og:type\" content=\"article\" \/>\n<meta property=\"og:title\" content=\"carte du restaurant - La Mandale Nantes\" \/>\n<meta property=\"og:description\" content=\"La carte du restaurant la Mandale \u00e0 Nantes offre une s\u00e9lection exquise de plats cr\u00e9atifs et de saison con\u00e7us pour plaire au grand public.\" \/>\n<meta property=\"og:url\" content=\"https:\/\/lamandalerestaurant.com\/index.php\/carte-du-restaurant-la-mandale\/\" \/>\n<meta property=\"og:site_name\" content=\"La Mandale\" \/>\n<meta property=\"article:publisher\" content=\"https:\/\/www.facebook.com\/Lamandalerestaurant\/\" \/>\n<meta property=\"article:modified_time\" content=\"2026-03-03T09:17:35+00:00\" \/>\n<meta property=\"og:image\" content=\"https:\/\/lamandalerestaurant.com\/wp-content\/uploads\/2024\/06\/B68FB033-9ECE-466D-94A5-C5BCEC0C6833-576x1024.jpg\" \/>\n<meta name=\"twitter:card\" content=\"summary_large_image\" \/>\n<meta name=\"twitter:label1\" content=\"Dur\u00e9e de lecture estim\u00e9e\" \/>\n\t<meta name=\"twitter:data1\" content=\"1 minute\" \/>\n<script type=\"application\/ld+json\" class=\"yoast-schema-graph\">{\"@context\":\"https:\/\/schema.org\",\"@graph\":[{\"@type\":\"WebPage\",\"@id\":\"https:\/\/lamandalerestaurant.com\/index.php\/carte-du-restaurant-la-mandale\/\",\"url\":\"https:\/\/lamandalerestaurant.com\/index.php\/carte-du-restaurant-la-mandale\/\",\"name\":\"carte du restaurant - La Mandale Nantes\",\"isPartOf\":{\"@id\":\"https:\/\/lamandalerestaurant.com\/#website\"},\"primaryImageOfPage\":{\"@id\":\"https:\/\/lamandalerestaurant.com\/index.php\/carte-du-restaurant-la-mandale\/#primaryimage\"},\"image\":{\"@id\":\"https:\/\/lamandalerestaurant.com\/index.php\/carte-du-restaurant-la-mandale\/#primaryimage\"},\"thumbnailUrl\":\"https:\/\/lamandalerestaurant.com\/wp-content\/uploads\/2024\/06\/B68FB033-9ECE-466D-94A5-C5BCEC0C6833-576x1024.jpg\",\"datePublished\":\"2020-05-24T09:23:05+00:00\",\"dateModified\":\"2026-03-03T09:17:35+00:00\",\"description\":\"La carte du restaurant la Mandale \u00e0 Nantes offre une s\u00e9lection exquise de plats cr\u00e9atifs et de saison con\u00e7us pour plaire au grand public.\",\"breadcrumb\":{\"@id\":\"https:\/\/lamandalerestaurant.com\/index.php\/carte-du-restaurant-la-mandale\/#breadcrumb\"},\"inLanguage\":\"fr-FR\",\"potentialAction\":[{\"@type\":\"ReadAction\",\"target\":[\"https:\/\/lamandalerestaurant.com\/index.php\/carte-du-restaurant-la-mandale\/\"]}]},{\"@type\":\"ImageObject\",\"inLanguage\":\"fr-FR\",\"@id\":\"https:\/\/lamandalerestaurant.com\/index.php\/carte-du-restaurant-la-mandale\/#primaryimage\",\"url\":\"https:\/\/lamandalerestaurant.com\/wp-content\/uploads\/2024\/06\/B68FB033-9ECE-466D-94A5-C5BCEC0C6833.jpg\",\"contentUrl\":\"https:\/\/lamandalerestaurant.com\/wp-content\/uploads\/2024\/06\/B68FB033-9ECE-466D-94A5-C5BCEC0C6833.jpg\",\"width\":1179,\"height\":2096},{\"@type\":\"BreadcrumbList\",\"@id\":\"https:\/\/lamandalerestaurant.com\/index.php\/carte-du-restaurant-la-mandale\/#breadcrumb\",\"itemListElement\":[{\"@type\":\"ListItem\",\"position\":1,\"name\":\"Accueil\",\"item\":\"https:\/\/lamandalerestaurant.com\/\"},{\"@type\":\"ListItem\",\"position\":2,\"name\":\"Cartes des plats du midi et du soir\"}]},{\"@type\":\"WebSite\",\"@id\":\"https:\/\/lamandalerestaurant.com\/#website\",\"url\":\"https:\/\/lamandalerestaurant.com\/\",\"name\":\"Lamandalerestaurant.com\",\"description\":\"La Mandale restaurant \",\"publisher\":{\"@id\":\"https:\/\/lamandalerestaurant.com\/#organization\"},\"potentialAction\":[{\"@type\":\"SearchAction\",\"target\":{\"@type\":\"EntryPoint\",\"urlTemplate\":\"https:\/\/lamandalerestaurant.com\/?s={search_term_string}\"},\"query-input\":\"required name=search_term_string\"}],\"inLanguage\":\"fr-FR\"},{\"@type\":\"Organization\",\"@id\":\"https:\/\/lamandalerestaurant.com\/#organization\",\"name\":\"La Mandale restaurant\",\"url\":\"https:\/\/lamandalerestaurant.com\/\",\"logo\":{\"@type\":\"ImageObject\",\"inLanguage\":\"fr-FR\",\"@id\":\"https:\/\/lamandalerestaurant.com\/#\/schema\/logo\/image\/\",\"url\":\"https:\/\/lamandalerestaurant.com\/wp-content\/uploads\/2024\/04\/cropped-1.png\",\"contentUrl\":\"https:\/\/lamandalerestaurant.com\/wp-content\/uploads\/2024\/04\/cropped-1.png\",\"width\":512,\"height\":512,\"caption\":\"La Mandale restaurant\"},\"image\":{\"@id\":\"https:\/\/lamandalerestaurant.com\/#\/schema\/logo\/image\/\"},\"sameAs\":[\"https:\/\/www.facebook.com\/Lamandalerestaurant\/\",\"https:\/\/www.instagram.com\/lamandalerestaurant\/\"]}]}<\/script>\n<!-- \/ Yoast SEO plugin. -->","yoast_head_json":{"title":"carte du restaurant - La Mandale Nantes","description":"La carte du restaurant la Mandale \u00e0 Nantes offre une s\u00e9lection exquise de plats cr\u00e9atifs et de saison con\u00e7us pour plaire au grand public.","robots":{"index":"index","follow":"follow","max-snippet":"max-snippet:-1","max-image-preview":"max-image-preview:large","max-video-preview":"max-video-preview:-1"},"canonical":"https:\/\/lamandalerestaurant.com\/index.php\/carte-du-restaurant-la-mandale\/","og_locale":"fr_FR","og_type":"article","og_title":"carte du restaurant - La Mandale Nantes","og_description":"La carte du restaurant la Mandale \u00e0 Nantes offre une s\u00e9lection exquise de plats cr\u00e9atifs et de saison con\u00e7us pour plaire au grand public.","og_url":"https:\/\/lamandalerestaurant.com\/index.php\/carte-du-restaurant-la-mandale\/","og_site_name":"La Mandale","article_publisher":"https:\/\/www.facebook.com\/Lamandalerestaurant\/","article_modified_time":"2026-03-03T09:17:35+00:00","og_image":[{"url":"https:\/\/lamandalerestaurant.com\/wp-content\/uploads\/2024\/06\/B68FB033-9ECE-466D-94A5-C5BCEC0C6833-576x1024.jpg"}],"twitter_card":"summary_large_image","twitter_misc":{"Dur\u00e9e de lecture estim\u00e9e":"1 minute"},"schema":{"@context":"https:\/\/schema.org","@graph":[{"@type":"WebPage","@id":"https:\/\/lamandalerestaurant.com\/index.php\/carte-du-restaurant-la-mandale\/","url":"https:\/\/lamandalerestaurant.com\/index.php\/carte-du-restaurant-la-mandale\/","name":"carte du restaurant - La Mandale Nantes","isPartOf":{"@id":"https:\/\/lamandalerestaurant.com\/#website"},"primaryImageOfPage":{"@id":"https:\/\/lamandalerestaurant.com\/index.php\/carte-du-restaurant-la-mandale\/#primaryimage"},"image":{"@id":"https:\/\/lamandalerestaurant.com\/index.php\/carte-du-restaurant-la-mandale\/#primaryimage"},"thumbnailUrl":"https:\/\/lamandalerestaurant.com\/wp-content\/uploads\/2024\/06\/B68FB033-9ECE-466D-94A5-C5BCEC0C6833-576x1024.jpg","datePublished":"2020-05-24T09:23:05+00:00","dateModified":"2026-03-03T09:17:35+00:00","description":"La carte du restaurant la Mandale \u00e0 Nantes offre une s\u00e9lection exquise de plats cr\u00e9atifs et de saison con\u00e7us pour plaire au grand public.","breadcrumb":{"@id":"https:\/\/lamandalerestaurant.com\/index.php\/carte-du-restaurant-la-mandale\/#breadcrumb"},"inLanguage":"fr-FR","potentialAction":[{"@type":"ReadAction","target":["https:\/\/lamandalerestaurant.com\/index.php\/carte-du-restaurant-la-mandale\/"]}]},{"@type":"ImageObject","inLanguage":"fr-FR","@id":"https:\/\/lamandalerestaurant.com\/index.php\/carte-du-restaurant-la-mandale\/#primaryimage","url":"https:\/\/lamandalerestaurant.com\/wp-content\/uploads\/2024\/06\/B68FB033-9ECE-466D-94A5-C5BCEC0C6833.jpg","contentUrl":"https:\/\/lamandalerestaurant.com\/wp-content\/uploads\/2024\/06\/B68FB033-9ECE-466D-94A5-C5BCEC0C6833.jpg","width":1179,"height":2096},{"@type":"BreadcrumbList","@id":"https:\/\/lamandalerestaurant.com\/index.php\/carte-du-restaurant-la-mandale\/#breadcrumb","itemListElement":[{"@type":"ListItem","position":1,"name":"Accueil","item":"https:\/\/lamandalerestaurant.com\/"},{"@type":"ListItem","position":2,"name":"Cartes des plats du midi et du soir"}]},{"@type":"WebSite","@id":"https:\/\/lamandalerestaurant.com\/#website","url":"https:\/\/lamandalerestaurant.com\/","name":"Lamandalerestaurant.com","description":"La Mandale restaurant ","publisher":{"@id":"https:\/\/lamandalerestaurant.com\/#organization"},"potentialAction":[{"@type":"SearchAction","target":{"@type":"EntryPoint","urlTemplate":"https:\/\/lamandalerestaurant.com\/?s={search_term_string}"},"query-input":"required name=search_term_string"}],"inLanguage":"fr-FR"},{"@type":"Organization","@id":"https:\/\/lamandalerestaurant.com\/#organization","name":"La Mandale restaurant","url":"https:\/\/lamandalerestaurant.com\/","logo":{"@type":"ImageObject","inLanguage":"fr-FR","@id":"https:\/\/lamandalerestaurant.com\/#\/schema\/logo\/image\/","url":"https:\/\/lamandalerestaurant.com\/wp-content\/uploads\/2024\/04\/cropped-1.png","contentUrl":"https:\/\/lamandalerestaurant.com\/wp-content\/uploads\/2024\/04\/cropped-1.png","width":512,"height":512,"caption":"La Mandale restaurant"},"image":{"@id":"https:\/\/lamandalerestaurant.com\/#\/schema\/logo\/image\/"},"sameAs":["https:\/\/www.facebook.com\/Lamandalerestaurant\/","https:\/\/www.instagram.com\/lamandalerestaurant\/"]}]}},"featured_media_urls":[],"_links":{"self":[{"href":"https:\/\/lamandalerestaurant.com\/index.php\/wp-json\/wp\/v2\/pages\/752","targetHints":{"allow":["GET"]}}],"collection":[{"href":"https:\/\/lamandalerestaurant.com\/index.php\/wp-json\/wp\/v2\/pages"}],"about":[{"href":"https:\/\/lamandalerestaurant.com\/index.php\/wp-json\/wp\/v2\/types\/page"}],"author":[{"embeddable":true,"href":"https:\/\/lamandalerestaurant.com\/index.php\/wp-json\/wp\/v2\/users\/1"}],"replies":[{"embeddable":true,"href":"https:\/\/lamandalerestaurant.com\/index.php\/wp-json\/wp\/v2\/comments?post=752"}],"version-history":[{"count":16,"href":"https:\/\/lamandalerestaurant.com\/index.php\/wp-json\/wp\/v2\/pages\/752\/revisions"}],"predecessor-version":[{"id":14564,"href":"https:\/\/lamandalerestaurant.com\/index.php\/wp-json\/wp\/v2\/pages\/752\/revisions\/14564"}],"wp:attachment":[{"href":"https:\/\/lamandalerestaurant.com\/index.php\/wp-json\/wp\/v2\/media?parent=752"}],"curies":[{"name":"wp","href":"https:\/\/api.w.org\/{rel}","templated":true}]}}